{"id":4796,"date":"2026-04-09T16:52:44","date_gmt":"2026-04-09T19:52:44","guid":{"rendered":"https:\/\/minasbrazil.store\/?post_type=product&#038;p=4796"},"modified":"2026-04-10T19:21:52","modified_gmt":"2026-04-10T22:21:52","slug":"pomada-fisiofort-premium","status":"publish","type":"product","link":"https:\/\/minasbrazil.store\/en\/product\/pomada-fisiofort-premium\/","title":{"rendered":"Pomada FisioFort+ Premium"},"content":{"rendered":"<p>A Pomada Desodorante Massageadora Fisiofort + Premium Bio Instinto \u00e9 um produto cosm\u00e9tico elaborado com extratos vegetais t\u00edpicos da flora brasileira. Possui efic\u00e1cia desodorante comprovada por 12 horas, mantendo a pele livre de microrganismos causadores de maus odores durante a pr\u00e1tica de esportes ou esfor\u00e7os f\u00edsicos. Melhora o relaxamento corporal e auxilia no al\u00edvio da sensa\u00e7\u00e3o de cansa\u00e7o ap\u00f3s atividades f\u00edsicas, m\u00e1 postura ou esfor\u00e7o exagerado.<\/p>","protected":false},"excerpt":{"rendered":"<p>A Pomada Desodorante Massageadora Fisiofort + Premium Bio Instinto \u00e9 um produto cosm\u00e9tico elaborado com extratos vegetais t\u00edpicos da flora brasileira. Possui efic\u00e1cia desodorante comprovada por 12 horas, mantendo a pele livre de microrganismos causadores de maus odores durante a pr\u00e1tica de esportes ou esfor\u00e7os f\u00edsicos. Melhora o relaxamento corporal e auxilia no al\u00edvio da [&hellip;]<\/p>\n","protected":false},"featured_media":4797,"comment_status":"open","ping_status":"closed","template":"","meta":{"_joinchat":[]},"product_cat":[15,322,275,379],"product_tag":[],"class_list":{"0":"post-4796","1":"product","2":"type-product","3":"status-publish","4":"has-post-thumbnail","6":"product_cat-categorias","7":"product_cat-creme-de-tratamento","8":"product_cat-cuidado-pessoal","9":"product_cat-pomada","11":"first","12":"instock","13":"sale","14":"taxable","15":"shipping-taxable","16":"purchasable","17":"product-type-simple"},"_links":{"self":[{"href":"https:\/\/minasbrazil.store\/en\/wp-json\/wp\/v2\/product\/4796","targetHints":{"allow":["GET"]}}],"collection":[{"href":"https:\/\/minasbrazil.store\/en\/wp-json\/wp\/v2\/product"}],"about":[{"href":"https:\/\/minasbrazil.store\/en\/wp-json\/wp\/v2\/types\/product"}],"replies":[{"embeddable":true,"href":"https:\/\/minasbrazil.store\/en\/wp-json\/wp\/v2\/comments?post=4796"}],"wp:featuredmedia":[{"embeddable":true,"href":"https:\/\/minasbrazil.store\/en\/wp-json\/wp\/v2\/media\/4797"}],"wp:attachment":[{"href":"https:\/\/minasbrazil.store\/en\/wp-json\/wp\/v2\/media?parent=4796"}],"wp:term":[{"taxonomy":"product_cat","embeddable":true,"href":"https:\/\/minasbrazil.store\/en\/wp-json\/wp\/v2\/product_cat?post=4796"},{"taxonomy":"product_tag","embeddable":true,"href":"https:\/\/minasbrazil.store\/en\/wp-json\/wp\/v2\/product_tag?post=4796"}],"curies":[{"name":"wp","href":"https:\/\/api.w.org\/{rel}","templated":true}]}}