{"id":4793,"date":"2026-04-09T16:47:44","date_gmt":"2026-04-09T19:47:44","guid":{"rendered":"https:\/\/minasbrazil.store\/?post_type=product&#038;p=4793"},"modified":"2026-04-10T19:23:59","modified_gmt":"2026-04-10T22:23:59","slug":"wepink-sabonete-intimo-we-femme","status":"publish","type":"product","link":"https:\/\/minasbrazil.store\/en\/product\/wepink-sabonete-intimo-we-femme\/","title":{"rendered":"Wepink Sabonete Intimo We Femme"},"content":{"rendered":"<p>O\u00a0<strong><span class=\"b vtex-rich-text-0-x-strong vtex-rich-text-0-x-strong--container-p-b-24 vtex-rich-text-0-x-strong--container-p-h-24-s vtex-rich-text-0-x-strong--black-color vtex-rich-text-0-x-strong--font-w-400 vtex-rich-text-0-x-strong--font-s-16-m vtex-rich-text-0-x-strong--font-s-14-s vtex-rich-text-0-x-strong--description-product-pdp\">Sabonete \u00cdntimo Wepink We Femme<\/span><\/strong>\u00a0\u00e9 formulado com ativos que promovem uma limpeza suave para a regi\u00e3o \u00edntima, sem deixar de lado a hidrata\u00e7\u00e3o, conforto e uma agrad\u00e1vel sensa\u00e7\u00e3o para o dia a dia. Sua composi\u00e7\u00e3o \u00e9 livre de parabenos, al\u00e9m de prevenir irrita\u00e7\u00f5es, manter a sa\u00fade e bem-estar da regi\u00e3o, em uma textura leve e perfeita para um cuidado saud\u00e1vel.<\/p>","protected":false},"excerpt":{"rendered":"<p>O\u00a0Sabonete \u00cdntimo Wepink We Femme\u00a0\u00e9 formulado com ativos que promovem uma limpeza suave para a regi\u00e3o \u00edntima, sem deixar de lado a hidrata\u00e7\u00e3o, conforto e uma agrad\u00e1vel sensa\u00e7\u00e3o para o dia a dia. Sua composi\u00e7\u00e3o \u00e9 livre de parabenos, al\u00e9m de prevenir irrita\u00e7\u00f5es, manter a sa\u00fade e bem-estar da regi\u00e3o, em uma textura leve e [&hellip;]<\/p>\n","protected":false},"featured_media":4794,"comment_status":"open","ping_status":"closed","template":"","meta":{"_joinchat":[]},"product_cat":[275],"product_tag":[],"class_list":{"0":"post-4793","1":"product","2":"type-product","3":"status-publish","4":"has-post-thumbnail","6":"product_cat-cuidado-pessoal","8":"first","9":"instock","10":"taxable","11":"shipping-taxable","12":"purchasable","13":"product-type-simple"},"_links":{"self":[{"href":"https:\/\/minasbrazil.store\/en\/wp-json\/wp\/v2\/product\/4793","targetHints":{"allow":["GET"]}}],"collection":[{"href":"https:\/\/minasbrazil.store\/en\/wp-json\/wp\/v2\/product"}],"about":[{"href":"https:\/\/minasbrazil.store\/en\/wp-json\/wp\/v2\/types\/product"}],"replies":[{"embeddable":true,"href":"https:\/\/minasbrazil.store\/en\/wp-json\/wp\/v2\/comments?post=4793"}],"wp:featuredmedia":[{"embeddable":true,"href":"https:\/\/minasbrazil.store\/en\/wp-json\/wp\/v2\/media\/4794"}],"wp:attachment":[{"href":"https:\/\/minasbrazil.store\/en\/wp-json\/wp\/v2\/media?parent=4793"}],"wp:term":[{"taxonomy":"product_cat","embeddable":true,"href":"https:\/\/minasbrazil.store\/en\/wp-json\/wp\/v2\/product_cat?post=4793"},{"taxonomy":"product_tag","embeddable":true,"href":"https:\/\/minasbrazil.store\/en\/wp-json\/wp\/v2\/product_tag?post=4793"}],"curies":[{"name":"wp","href":"https:\/\/api.w.org\/{rel}","templated":true}]}}