{"id":4615,"date":"2025-01-05T19:52:40","date_gmt":"2025-01-05T22:52:40","guid":{"rendered":"https:\/\/minasbrazil.store\/?post_type=product&#038;p=4615"},"modified":"2025-01-05T19:52:41","modified_gmt":"2025-01-05T22:52:41","slug":"oleo-secante-impala-tratamento","status":"publish","type":"product","link":"https:\/\/minasbrazil.store\/en\/product\/oleo-secante-impala-tratamento\/","title":{"rendered":"\u00d3leo secante impala tratamento"},"content":{"rendered":"<p><span class=\"sc-dcJsrY jZKEso\" data-testid=\"product-detail-title\">\u00d3leo secante impala tratamento<\/span><\/p>\n<div class=\"sc-iGgWBj jEOEJZ sc-eXGDq kpdabD\" data-testid=\"product-detail-description\">\n<div class=\"sc-iGgWBj eWtIHQ sc-bcsDfE iSoMiy\" data-testid=\"rich-content-container\">IMPALA TRATAMENTO OLEO SECANTE 2UNIDADES<\/p>\n<p>\u00d3LEO SECANTE IMPALA TRATAMENTO<\/p>\n<p>Caracter\u00edstica<\/p>\n<p>Tratamento<\/p>\n<p>Sugest\u00e3o de uso<\/p>\n<p>Agite bem antes de usar, aplique o esmalte sobre as unhas e aguarde a secagem.<\/p>\n<p>Resultado<\/p>\n<p>Esmalte para unhas com a\u00e7\u00e3o duradoura e brilho prolongado.<\/p><\/div>\n<\/div>","protected":false},"excerpt":{"rendered":"<p>\u00d3leo secante impala tratamento IMPALA TRATAMENTO OLEO SECANTE 2UNIDADES \u00d3LEO SECANTE IMPALA TRATAMENTO Caracter\u00edstica Tratamento Sugest\u00e3o de uso Agite bem antes de usar, aplique o esmalte sobre as unhas e aguarde a secagem. Resultado Esmalte para unhas com a\u00e7\u00e3o duradoura e brilho prolongado.<\/p>","protected":false},"featured_media":4616,"comment_status":"open","ping_status":"closed","template":"","meta":{"_joinchat":[]},"product_cat":[358],"product_tag":[],"class_list":{"0":"post-4615","1":"product","2":"type-product","3":"status-publish","4":"has-post-thumbnail","6":"product_brand-impala","7":"product_cat-esmalte","9":"first","10":"instock","11":"sale","12":"taxable","13":"shipping-taxable","14":"purchasable","15":"product-type-simple"},"_links":{"self":[{"href":"https:\/\/minasbrazil.store\/en\/wp-json\/wp\/v2\/product\/4615","targetHints":{"allow":["GET"]}}],"collection":[{"href":"https:\/\/minasbrazil.store\/en\/wp-json\/wp\/v2\/product"}],"about":[{"href":"https:\/\/minasbrazil.store\/en\/wp-json\/wp\/v2\/types\/product"}],"replies":[{"embeddable":true,"href":"https:\/\/minasbrazil.store\/en\/wp-json\/wp\/v2\/comments?post=4615"}],"wp:featuredmedia":[{"embeddable":true,"href":"https:\/\/minasbrazil.store\/en\/wp-json\/wp\/v2\/media\/4616"}],"wp:attachment":[{"href":"https:\/\/minasbrazil.store\/en\/wp-json\/wp\/v2\/media?parent=4615"}],"wp:term":[{"taxonomy":"product_cat","embeddable":true,"href":"https:\/\/minasbrazil.store\/en\/wp-json\/wp\/v2\/product_cat?post=4615"},{"taxonomy":"product_tag","embeddable":true,"href":"https:\/\/minasbrazil.store\/en\/wp-json\/wp\/v2\/product_tag?post=4615"}],"curies":[{"name":"wp","href":"https:\/\/api.w.org\/{rel}","templated":true}]}}