{"id":4611,"date":"2025-01-05T19:46:16","date_gmt":"2025-01-05T22:46:16","guid":{"rendered":"https:\/\/minasbrazil.store\/?post_type=product&#038;p=4611"},"modified":"2026-03-14T16:06:36","modified_gmt":"2026-03-14T19:06:36","slug":"desodorante-natura-roll-on-aclarar-tododia-70ml","status":"publish","type":"product","link":"https:\/\/minasbrazil.store\/en\/product\/desodorante-natura-roll-on-aclarar-tododia-70ml\/","title":{"rendered":"Desodorante Natura Roll-on Aclarar Tododia 70ml"},"content":{"rendered":"<p>O Desodorante Antitranspirante Roll-on Tododia Aclarar foi desenvolvido para ajudar no processo natural de recupera\u00e7\u00e3o e uniformiza\u00e7\u00e3o da tonalidade da pele, mantendo suas axilas secas, protegidas e visivelmente mais claras em 30*. Sua f\u00f3rmula conta com um complexo hidratante e extrato de cal\u00eandula. * Com o uso combinado do Desodorante Antitranspirante Roll-on Tododia Aclarar e do Desodorante Creme Noturno Tododia Aclarar.<\/p>\n<p>Benef\u00edcios:<\/p>\n<p>\u2022 Fragr\u00e2ncia Floral.<\/p>\n<p>\u2022Tecnologia exclusiva clareadora.<\/p>\n<p>\u2022Previne o escurecimento das axilas.<\/p>\n<p>\u2022Uniformiza e recupera o tom natural da pele.<\/p>\n<p>\u2022Possui a\u00e7\u00e3o calmante, reduz a irrita\u00e7\u00e3o e renova a pele.<\/p>","protected":false},"excerpt":{"rendered":"<p>O Desodorante Antitranspirante Roll-on Tododia Aclarar foi desenvolvido para ajudar no processo natural de recupera\u00e7\u00e3o e uniformiza\u00e7\u00e3o da tonalidade da pele, mantendo suas axilas secas, protegidas e visivelmente mais claras em 30*. Sua f\u00f3rmula conta com um complexo hidratante e extrato de cal\u00eandula. * Com o uso combinado do Desodorante Antitranspirante Roll-on Tododia Aclarar e [&hellip;]<\/p>\n","protected":false},"featured_media":4612,"comment_status":"open","ping_status":"closed","template":"","meta":{"_joinchat":[]},"product_cat":[275,381],"product_tag":[],"class_list":{"0":"post-4611","1":"product","2":"type-product","3":"status-publish","4":"has-post-thumbnail","6":"product_brand-natura","7":"product_cat-cuidado-pessoal","8":"product_cat-desodorante","10":"first","11":"instock","12":"sale","13":"taxable","14":"shipping-taxable","15":"purchasable","16":"product-type-simple"},"_links":{"self":[{"href":"https:\/\/minasbrazil.store\/en\/wp-json\/wp\/v2\/product\/4611","targetHints":{"allow":["GET"]}}],"collection":[{"href":"https:\/\/minasbrazil.store\/en\/wp-json\/wp\/v2\/product"}],"about":[{"href":"https:\/\/minasbrazil.store\/en\/wp-json\/wp\/v2\/types\/product"}],"replies":[{"embeddable":true,"href":"https:\/\/minasbrazil.store\/en\/wp-json\/wp\/v2\/comments?post=4611"}],"wp:featuredmedia":[{"embeddable":true,"href":"https:\/\/minasbrazil.store\/en\/wp-json\/wp\/v2\/media\/4612"}],"wp:attachment":[{"href":"https:\/\/minasbrazil.store\/en\/wp-json\/wp\/v2\/media?parent=4611"}],"wp:term":[{"taxonomy":"product_cat","embeddable":true,"href":"https:\/\/minasbrazil.store\/en\/wp-json\/wp\/v2\/product_cat?post=4611"},{"taxonomy":"product_tag","embeddable":true,"href":"https:\/\/minasbrazil.store\/en\/wp-json\/wp\/v2\/product_tag?post=4611"}],"curies":[{"name":"wp","href":"https:\/\/api.w.org\/{rel}","templated":true}]}}