{"id":4609,"date":"2025-01-05T19:40:34","date_gmt":"2025-01-05T22:40:34","guid":{"rendered":"https:\/\/minasbrazil.store\/?post_type=product&#038;p=4609"},"modified":"2025-01-05T19:41:02","modified_gmt":"2025-01-05T22:41:02","slug":"deo-parfum-ilia-secreto-50-ml-perfume-natura-feminino","status":"publish","type":"product","link":"https:\/\/minasbrazil.store\/en\/product\/deo-parfum-ilia-secreto-50-ml-perfume-natura-feminino\/","title":{"rendered":"Deo Parfum Il\u00eda Secreto 50 ml Perfume Natura Feminino"},"content":{"rendered":"<p>Deo Parfum Il\u00eda Secreto Natura \u00e9 um Floral Intenso, que tem em suas notas: p\u00eara, acorde frutal roxo, mandarina, muguet, jasmin, freesia, orqu\u00eddea.<br \/>\nAo fundo: musk, cedro, s\u00e2ndalo, fava tonka, vanilla, notas gustativas, patchouli heart, \u00e2mbar, caf\u00e9 ar\u00e1bica.<\/p>\n<p>A cremosidade das flores brancas contrastada com notas adocicadas de fava-tonka e um toque de caf\u00e9 ar\u00e1bica.<\/p>\n<p>Produto Vegano, para ocasi\u00f5es especiais.<\/p>\n<p>Dura at\u00e9 10 horas na pele.<\/p>\n<p>Para uma maior perfuma\u00e7\u00e3o use tamb\u00e9m o hidratante da mesma fragr\u00e2ncia.<\/p>\n<p>Il\u00eda Secreto \u00e9 uma fragr\u00e2ncia que envolve Mist\u00e9rio, for\u00e7a e Sofistica\u00e7\u00e3o.<\/p>","protected":false},"excerpt":{"rendered":"<p>Deo Parfum Il\u00eda Secreto Natura \u00e9 um Floral Intenso, que tem em suas notas: p\u00eara, acorde frutal roxo, mandarina, muguet, jasmin, freesia, orqu\u00eddea. Ao fundo: musk, cedro, s\u00e2ndalo, fava tonka, vanilla, notas gustativas, patchouli heart, \u00e2mbar, caf\u00e9 ar\u00e1bica. A cremosidade das flores brancas contrastada com notas adocicadas de fava-tonka e um toque de caf\u00e9 ar\u00e1bica. [&hellip;]<\/p>\n","protected":false},"featured_media":4610,"comment_status":"open","ping_status":"closed","template":"","meta":{"_joinchat":[]},"product_cat":[275,361],"product_tag":[],"class_list":{"0":"post-4609","1":"product","2":"type-product","3":"status-publish","4":"has-post-thumbnail","6":"product_brand-natura","7":"product_cat-cuidado-pessoal","8":"product_cat-perfume","10":"first","11":"instock","12":"sale","13":"taxable","14":"shipping-taxable","15":"purchasable","16":"product-type-simple"},"_links":{"self":[{"href":"https:\/\/minasbrazil.store\/en\/wp-json\/wp\/v2\/product\/4609","targetHints":{"allow":["GET"]}}],"collection":[{"href":"https:\/\/minasbrazil.store\/en\/wp-json\/wp\/v2\/product"}],"about":[{"href":"https:\/\/minasbrazil.store\/en\/wp-json\/wp\/v2\/types\/product"}],"replies":[{"embeddable":true,"href":"https:\/\/minasbrazil.store\/en\/wp-json\/wp\/v2\/comments?post=4609"}],"wp:featuredmedia":[{"embeddable":true,"href":"https:\/\/minasbrazil.store\/en\/wp-json\/wp\/v2\/media\/4610"}],"wp:attachment":[{"href":"https:\/\/minasbrazil.store\/en\/wp-json\/wp\/v2\/media?parent=4609"}],"wp:term":[{"taxonomy":"product_cat","embeddable":true,"href":"https:\/\/minasbrazil.store\/en\/wp-json\/wp\/v2\/product_cat?post=4609"},{"taxonomy":"product_tag","embeddable":true,"href":"https:\/\/minasbrazil.store\/en\/wp-json\/wp\/v2\/product_tag?post=4609"}],"curies":[{"name":"wp","href":"https:\/\/api.w.org\/{rel}","templated":true}]}}