{"id":4591,"date":"2025-01-05T18:36:07","date_gmt":"2025-01-05T21:36:07","guid":{"rendered":"https:\/\/minasbrazil.store\/?post_type=product&#038;p=4591"},"modified":"2025-01-05T18:36:07","modified_gmt":"2025-01-05T21:36:07","slug":"desodorante-antitranspirante-roll-on-com-acao-prebiotica-70ml","status":"publish","type":"product","link":"https:\/\/minasbrazil.store\/en\/product\/desodorante-antitranspirante-roll-on-com-acao-prebiotica-70ml\/","title":{"rendered":"Desodorante Antitranspirante Roll on com a\u00e7\u00e3o Prebi\u00f3tica 70ml"},"content":{"rendered":"<p>Desodorante Antitranspirante Roll on com a\u00e7\u00e3o Prebi\u00f3tica 70ml<\/p>","protected":false},"excerpt":{"rendered":"<p>Desodorante Antitranspirante Roll on com a\u00e7\u00e3o Prebi\u00f3tica 70ml<\/p>","protected":false},"featured_media":4592,"comment_status":"open","ping_status":"closed","template":"","meta":{"_joinchat":[]},"product_cat":[275,381],"product_tag":[],"class_list":{"0":"post-4591","1":"product","2":"type-product","3":"status-publish","4":"has-post-thumbnail","6":"product_brand-natura","7":"product_cat-cuidado-pessoal","8":"product_cat-desodorante","10":"first","11":"instock","12":"sale","13":"taxable","14":"shipping-taxable","15":"purchasable","16":"product-type-simple"},"_links":{"self":[{"href":"https:\/\/minasbrazil.store\/en\/wp-json\/wp\/v2\/product\/4591","targetHints":{"allow":["GET"]}}],"collection":[{"href":"https:\/\/minasbrazil.store\/en\/wp-json\/wp\/v2\/product"}],"about":[{"href":"https:\/\/minasbrazil.store\/en\/wp-json\/wp\/v2\/types\/product"}],"replies":[{"embeddable":true,"href":"https:\/\/minasbrazil.store\/en\/wp-json\/wp\/v2\/comments?post=4591"}],"wp:featuredmedia":[{"embeddable":true,"href":"https:\/\/minasbrazil.store\/en\/wp-json\/wp\/v2\/media\/4592"}],"wp:attachment":[{"href":"https:\/\/minasbrazil.store\/en\/wp-json\/wp\/v2\/media?parent=4591"}],"wp:term":[{"taxonomy":"product_cat","embeddable":true,"href":"https:\/\/minasbrazil.store\/en\/wp-json\/wp\/v2\/product_cat?post=4591"},{"taxonomy":"product_tag","embeddable":true,"href":"https:\/\/minasbrazil.store\/en\/wp-json\/wp\/v2\/product_tag?post=4591"}],"curies":[{"name":"wp","href":"https:\/\/api.w.org\/{rel}","templated":true}]}}