{"id":4589,"date":"2025-01-05T18:30:08","date_gmt":"2025-01-05T21:30:08","guid":{"rendered":"https:\/\/minasbrazil.store\/?post_type=product&#038;p=4589"},"modified":"2025-01-05T18:32:12","modified_gmt":"2025-01-05T21:32:12","slug":"locao-de-limpeza-original-leite-de-colonia-frasco-100ml","status":"publish","type":"product","link":"https:\/\/minasbrazil.store\/en\/product\/locao-de-limpeza-original-leite-de-colonia-frasco-100ml\/","title":{"rendered":"Lo\u00e7\u00e3o de Limpeza Original Leite de Col\u00f4nia Frasco 100ml"},"content":{"rendered":"<p>Em Embalagem Maior, Para Melhor Rendimento, O Leite De Col\u00f4nia Original H\u00e1 Anos Sendo O Respons\u00e1vel Pela Limpeza Da Sua Pele. O Leite De Col\u00f4nia Original Vem Sendo O Respons\u00e1vel Pela Limpeza Da Sua Pele H\u00e1 Muitos Anos. Diariamente, A Nossa Pele Sofre Danos Devido A Agress\u00f5es Externas \u00c0s Quais Estamos Expostas. Ar Polu\u00eddo, Maquiagem, Temperatura E Diversos Fatores Contribuem Para Que A Nossa Pele Fique N\u00e3o Apenas Suja, Mas Tamb\u00e9m Sens\u00edvel. Sabemos Que Apenas Lavar O Rosto Com \u00c1gua E Sab\u00e3o N\u00e3o \u00c9 Suficiente Para Uma Limpeza Completa. Nossa Pele Exige Cuidados Que O Leite De Col\u00f4nia Original \u00c9 Capaz De Suprir. Pioneiro No Seguimento, O Leite De Col\u00f4nia Cuida Da Sua Pele Desde 1948. Ele Auxilia Na Limpeza Profunda Da Pele, Tonifica, Auxilia No Combate \u00c0 Acne, No Controle Da Oleosidade E Ainda Pode Ser Usado Para Retirar A Maquiagem. Leite De Col\u00f4nia Original, Perfeito Para Voc\u00ea.<\/p>","protected":false},"excerpt":{"rendered":"<p>Em Embalagem Maior, Para Melhor Rendimento, O Leite De Col\u00f4nia Original H\u00e1 Anos Sendo O Respons\u00e1vel Pela Limpeza Da Sua Pele. O Leite De Col\u00f4nia Original Vem Sendo O Respons\u00e1vel Pela Limpeza Da Sua Pele H\u00e1 Muitos Anos. Diariamente, A Nossa Pele Sofre Danos Devido A Agress\u00f5es Externas \u00c0s Quais Estamos Expostas. Ar Polu\u00eddo, Maquiagem, [&hellip;]<\/p>\n","protected":false},"featured_media":4590,"comment_status":"open","ping_status":"closed","template":"","meta":{"_joinchat":[]},"product_cat":[275,386],"product_tag":[],"class_list":{"0":"post-4589","1":"product","2":"type-product","3":"status-publish","4":"has-post-thumbnail","6":"product_brand-leite-de-colonia","7":"product_cat-cuidado-pessoal","8":"product_cat-limpeza","10":"first","11":"instock","12":"sale","13":"taxable","14":"shipping-taxable","15":"purchasable","16":"product-type-simple"},"_links":{"self":[{"href":"https:\/\/minasbrazil.store\/en\/wp-json\/wp\/v2\/product\/4589","targetHints":{"allow":["GET"]}}],"collection":[{"href":"https:\/\/minasbrazil.store\/en\/wp-json\/wp\/v2\/product"}],"about":[{"href":"https:\/\/minasbrazil.store\/en\/wp-json\/wp\/v2\/types\/product"}],"replies":[{"embeddable":true,"href":"https:\/\/minasbrazil.store\/en\/wp-json\/wp\/v2\/comments?post=4589"}],"wp:featuredmedia":[{"embeddable":true,"href":"https:\/\/minasbrazil.store\/en\/wp-json\/wp\/v2\/media\/4590"}],"wp:attachment":[{"href":"https:\/\/minasbrazil.store\/en\/wp-json\/wp\/v2\/media?parent=4589"}],"wp:term":[{"taxonomy":"product_cat","embeddable":true,"href":"https:\/\/minasbrazil.store\/en\/wp-json\/wp\/v2\/product_cat?post=4589"},{"taxonomy":"product_tag","embeddable":true,"href":"https:\/\/minasbrazil.store\/en\/wp-json\/wp\/v2\/product_tag?post=4589"}],"curies":[{"name":"wp","href":"https:\/\/api.w.org\/{rel}","templated":true}]}}