{"id":4557,"date":"2025-01-05T17:23:52","date_gmt":"2025-01-05T20:23:52","guid":{"rendered":"https:\/\/minasbrazil.store\/?post_type=product&#038;p=4557"},"modified":"2025-01-05T17:24:04","modified_gmt":"2025-01-05T20:24:04","slug":"talco-antisseptico-barla-140g","status":"publish","type":"product","link":"https:\/\/minasbrazil.store\/en\/product\/talco-antisseptico-barla-140g\/","title":{"rendered":"Talco Antiss\u00e9ptico Barla 140g"},"content":{"rendered":"<p>Talco antiss\u00e9ptico Barla foi especialmente desenvolvido para normalizar a transpira\u00e7\u00e3o dos p\u00e9s, deixando-os sempre secos, frescos e perfumados. Sua f\u00f3rmula exclusiva cont\u00e9m elementos que agem eficazmente, atrav\u00e9s de sua a\u00e7\u00e3o desodorizante e antiss\u00e9ptica proporcionando uma agrad\u00e1vel e deliciosa sensa\u00e7\u00e3o de suavidade, frescor e limpeza.<\/p>","protected":false},"excerpt":{"rendered":"<p>Talco antiss\u00e9ptico Barla foi especialmente desenvolvido para normalizar a transpira\u00e7\u00e3o dos p\u00e9s, deixando-os sempre secos, frescos e perfumados. Sua f\u00f3rmula exclusiva cont\u00e9m elementos que agem eficazmente, atrav\u00e9s de sua a\u00e7\u00e3o desodorizante e antiss\u00e9ptica proporcionando uma agrad\u00e1vel e deliciosa sensa\u00e7\u00e3o de suavidade, frescor e limpeza.<\/p>","protected":false},"featured_media":4558,"comment_status":"open","ping_status":"closed","template":"","meta":{"_joinchat":[]},"product_cat":[275],"product_tag":[],"class_list":{"0":"post-4557","1":"product","2":"type-product","3":"status-publish","4":"has-post-thumbnail","6":"product_brand-barla","7":"product_cat-cuidado-pessoal","9":"first","10":"instock","11":"sale","12":"taxable","13":"shipping-taxable","14":"purchasable","15":"product-type-simple"},"_links":{"self":[{"href":"https:\/\/minasbrazil.store\/en\/wp-json\/wp\/v2\/product\/4557","targetHints":{"allow":["GET"]}}],"collection":[{"href":"https:\/\/minasbrazil.store\/en\/wp-json\/wp\/v2\/product"}],"about":[{"href":"https:\/\/minasbrazil.store\/en\/wp-json\/wp\/v2\/types\/product"}],"replies":[{"embeddable":true,"href":"https:\/\/minasbrazil.store\/en\/wp-json\/wp\/v2\/comments?post=4557"}],"wp:featuredmedia":[{"embeddable":true,"href":"https:\/\/minasbrazil.store\/en\/wp-json\/wp\/v2\/media\/4558"}],"wp:attachment":[{"href":"https:\/\/minasbrazil.store\/en\/wp-json\/wp\/v2\/media?parent=4557"}],"wp:term":[{"taxonomy":"product_cat","embeddable":true,"href":"https:\/\/minasbrazil.store\/en\/wp-json\/wp\/v2\/product_cat?post=4557"},{"taxonomy":"product_tag","embeddable":true,"href":"https:\/\/minasbrazil.store\/en\/wp-json\/wp\/v2\/product_tag?post=4557"}],"curies":[{"name":"wp","href":"https:\/\/api.w.org\/{rel}","templated":true}]}}