{"id":4553,"date":"2025-01-05T17:18:23","date_gmt":"2025-01-05T20:18:23","guid":{"rendered":"https:\/\/minasbrazil.store\/?post_type=product&#038;p=4553"},"modified":"2025-01-05T17:18:24","modified_gmt":"2025-01-05T20:18:24","slug":"shampoo-sos-bomba-ultra-hidratacao-reconstrutora-300ml","status":"publish","type":"product","link":"https:\/\/minasbrazil.store\/en\/product\/shampoo-sos-bomba-ultra-hidratacao-reconstrutora-300ml\/","title":{"rendered":"Shampoo SOS Bomba Ultra-Hidrata\u00e7\u00e3o Reconstrutora 300ml"},"content":{"rendered":"<h2 class=\"chakra-heading css-1dx6l2j e1k4it830\">O QUE VOC\u00ca PRECISA SABER<\/h2>\n<p>O Shampoo S.O.S Bomba Ultra-Hidrata\u00e7\u00e3o Reconstrutora garante 10x mais hidrata\u00e7\u00e3o, brilho, maciez imediata, al\u00e9m de reconstru\u00e7\u00e3o de 73% dos fios danificados e tratamento profundo por at\u00e9 72h. Resultado profissional com efic\u00e1cia comprovada.<\/p>\n<div class=\"chakra-collapse\">\n<div id=\"accordion-panel-12\" class=\"chakra-accordion__panel css-kms6e e1k4it830\" role=\"region\" aria-labelledby=\"accordion-button-12\">\n<h2 class=\"chakra-heading css-1dx6l2j e1k4it830\">PRINCIPAIS ATIVOS<\/h2>\n<div class=\"chakra-collapse\">\n<div id=\"accordion-panel-13\" class=\"chakra-accordion__panel css-kms6e e1k4it830\" role=\"region\" aria-labelledby=\"accordion-button-13\"><b>Quais os principais ativos?<\/b><\/p>\n<p><u>\u00c1cido hialur\u00f4nico:<\/u>\u00a0hidrata e preenche os fios, auxiliando no combate ao ressecamento e frizz.<\/p>\n<p><u>Niacinamida:<\/u>\u00a0poderoso antioxidante que nutre e hidrata intensamente.<\/p>\n<p>Queratina vegetal: excelente ativo para a reconstru\u00e7\u00e3o capilar, promovendo a restaura\u00e7\u00e3o dos fios danificados.<\/p>\n<h2 class=\"chakra-heading css-1dx6l2j e1k4it830\">MODO DE USO<\/h2>\n<div class=\"chakra-collapse\">\n<div id=\"accordion-panel-14\" class=\"chakra-accordion__panel css-8ke1df e1k4it830\" role=\"region\" aria-labelledby=\"accordion-button-14\">\n<p class=\"chakra-text css-1x1ovs5 e1k4it830\"><b>Qual a melhor forma de usar?<\/b><br \/>\nAplique o Shampoo S.O.S Bomba Ultra-Hidrata\u00e7\u00e3o Reconstrutora uniformemente no cabelo molhado. Massageie a raiz at\u00e9 formar espuma. Enx\u00e1gue e, se necess\u00e1rio, reaplique o produto. Para melhores resultados, utilize a linha completa.<\/p>\n<p>Recomendamos que use Shampoo SOS Bomba Ultra-Hidrata\u00e7\u00e3o Reconstrutora 300ml\u00a0<b>no in\u00edcio do seu ritual de cuidados com o cabelo<\/b>, antes de qualquer outro produto.<\/p>\n<\/div>\n<\/div>\n<\/div>\n<\/div>\n<\/div>\n<\/div>","protected":false},"excerpt":{"rendered":"<p>O QUE VOC\u00ca PRECISA SABER O Shampoo S.O.S Bomba Ultra-Hidrata\u00e7\u00e3o Reconstrutora garante 10x mais hidrata\u00e7\u00e3o, brilho, maciez imediata, al\u00e9m de reconstru\u00e7\u00e3o de 73% dos fios danificados e tratamento profundo por at\u00e9 72h. Resultado profissional com efic\u00e1cia comprovada. PRINCIPAIS ATIVOS Quais os principais ativos? \u00c1cido hialur\u00f4nico:\u00a0hidrata e preenche os fios, auxiliando no combate ao ressecamento e [&hellip;]<\/p>\n","protected":false},"featured_media":4554,"comment_status":"open","ping_status":"closed","template":"","meta":{"_joinchat":[]},"product_cat":[275,292],"product_tag":[],"class_list":{"0":"post-4553","1":"product","2":"type-product","3":"status-publish","4":"has-post-thumbnail","6":"product_brand-salon-line","7":"product_cat-cuidado-pessoal","8":"product_cat-shampoo","10":"first","11":"instock","12":"sale","13":"taxable","14":"shipping-taxable","15":"purchasable","16":"product-type-simple"},"_links":{"self":[{"href":"https:\/\/minasbrazil.store\/en\/wp-json\/wp\/v2\/product\/4553","targetHints":{"allow":["GET"]}}],"collection":[{"href":"https:\/\/minasbrazil.store\/en\/wp-json\/wp\/v2\/product"}],"about":[{"href":"https:\/\/minasbrazil.store\/en\/wp-json\/wp\/v2\/types\/product"}],"replies":[{"embeddable":true,"href":"https:\/\/minasbrazil.store\/en\/wp-json\/wp\/v2\/comments?post=4553"}],"wp:featuredmedia":[{"embeddable":true,"href":"https:\/\/minasbrazil.store\/en\/wp-json\/wp\/v2\/media\/4554"}],"wp:attachment":[{"href":"https:\/\/minasbrazil.store\/en\/wp-json\/wp\/v2\/media?parent=4553"}],"wp:term":[{"taxonomy":"product_cat","embeddable":true,"href":"https:\/\/minasbrazil.store\/en\/wp-json\/wp\/v2\/product_cat?post=4553"},{"taxonomy":"product_tag","embeddable":true,"href":"https:\/\/minasbrazil.store\/en\/wp-json\/wp\/v2\/product_tag?post=4553"}],"curies":[{"name":"wp","href":"https:\/\/api.w.org\/{rel}","templated":true}]}}