{"id":4551,"date":"2025-01-05T17:14:15","date_gmt":"2025-01-05T20:14:15","guid":{"rendered":"https:\/\/minasbrazil.store\/?post_type=product&#038;p=4551"},"modified":"2025-01-05T17:14:16","modified_gmt":"2025-01-05T20:14:16","slug":"salon-line-sos-bomba-ultra-hidratacao-condicionador-300m","status":"publish","type":"product","link":"https:\/\/minasbrazil.store\/en\/product\/salon-line-sos-bomba-ultra-hidratacao-condicionador-300m\/","title":{"rendered":"Salon Line SOS Bomba Ultra-Hidrata\u00e7\u00e3o Condicionador 300m"},"content":{"rendered":"<h2 data-spm-anchor-id=\"a2g0o.detail.1000023.i0.31887QtP7QtPfn\">Salon Line SOS Bomba Ultra-Hidrata\u00e7\u00e3o Reconstrutora Condicionador 300ml<\/h2>\n<p>O Condicionador S.O.S Bomba Ultra-Hidrata\u00e7\u00e3o Reconstrutora garante 10x mais hidrata\u00e7\u00e3o, brilho, maciez imediata, al\u00e9m de reconstru\u00e7\u00e3o de 73% dos fios danificados e tratamento profundo por at\u00e9 72h. Resultado profissional com efic\u00e1cia comprovada.<\/p>\n<h2>Principais ativos:<\/h2>\n<p>\u00c1cido hialur\u00f4nico: hidrata e preenche os fios, auxiliando no combate ao ressecamento e frizz.<\/p>\n<p>Niacinamida: poderoso antioxidante que nutre e hidrata intensamente.<\/p>\n<p>Queratina vegetal: excelente ativo para a reconstru\u00e7\u00e3o capilar, promovendo a restaura\u00e7\u00e3o dos fios danificados.<\/p>\n<h2>Conselho de Aplica\u00e7\u00e3o:<\/h2>\n<p data-spm-anchor-id=\"a2g0o.detail.1000023.i1.31887QtP7QtPfn\">Depois de lavar os cabelos, aplique o Condicionador S.O.S Bomba Ultra-Hidrata\u00e7\u00e3o Reconstrutora do comprimento at\u00e9 as pontas. Deixe agir de 1 a 3 minutos e enx\u00e1gue. Para melhores resultados, use a linha completa.<\/p>","protected":false},"excerpt":{"rendered":"<p>Salon Line SOS Bomba Ultra-Hidrata\u00e7\u00e3o Reconstrutora Condicionador 300ml O Condicionador S.O.S Bomba Ultra-Hidrata\u00e7\u00e3o Reconstrutora garante 10x mais hidrata\u00e7\u00e3o, brilho, maciez imediata, al\u00e9m de reconstru\u00e7\u00e3o de 73% dos fios danificados e tratamento profundo por at\u00e9 72h. Resultado profissional com efic\u00e1cia comprovada. Principais ativos: \u00c1cido hialur\u00f4nico: hidrata e preenche os fios, auxiliando no combate ao ressecamento e [&hellip;]<\/p>\n","protected":false},"featured_media":4552,"comment_status":"open","ping_status":"closed","template":"","meta":{"_joinchat":[]},"product_cat":[296,275],"product_tag":[],"class_list":{"0":"post-4551","1":"product","2":"type-product","3":"status-publish","4":"has-post-thumbnail","6":"product_brand-salon-line","7":"product_cat-condicionador","8":"product_cat-cuidado-pessoal","10":"first","11":"instock","12":"sale","13":"taxable","14":"shipping-taxable","15":"purchasable","16":"product-type-simple"},"_links":{"self":[{"href":"https:\/\/minasbrazil.store\/en\/wp-json\/wp\/v2\/product\/4551","targetHints":{"allow":["GET"]}}],"collection":[{"href":"https:\/\/minasbrazil.store\/en\/wp-json\/wp\/v2\/product"}],"about":[{"href":"https:\/\/minasbrazil.store\/en\/wp-json\/wp\/v2\/types\/product"}],"replies":[{"embeddable":true,"href":"https:\/\/minasbrazil.store\/en\/wp-json\/wp\/v2\/comments?post=4551"}],"wp:featuredmedia":[{"embeddable":true,"href":"https:\/\/minasbrazil.store\/en\/wp-json\/wp\/v2\/media\/4552"}],"wp:attachment":[{"href":"https:\/\/minasbrazil.store\/en\/wp-json\/wp\/v2\/media?parent=4551"}],"wp:term":[{"taxonomy":"product_cat","embeddable":true,"href":"https:\/\/minasbrazil.store\/en\/wp-json\/wp\/v2\/product_cat?post=4551"},{"taxonomy":"product_tag","embeddable":true,"href":"https:\/\/minasbrazil.store\/en\/wp-json\/wp\/v2\/product_tag?post=4551"}],"curies":[{"name":"wp","href":"https:\/\/api.w.org\/{rel}","templated":true}]}}