{"id":4545,"date":"2025-01-05T17:03:31","date_gmt":"2025-01-05T20:03:31","guid":{"rendered":"https:\/\/minasbrazil.store\/?post_type=product&#038;p=4545"},"modified":"2025-01-05T17:03:31","modified_gmt":"2025-01-05T20:03:31","slug":"truss-frizz-zero-mascara-liquida-antifrizz-260ml","status":"publish","type":"product","link":"https:\/\/minasbrazil.store\/en\/product\/truss-frizz-zero-mascara-liquida-antifrizz-260ml\/","title":{"rendered":"Truss Frizz Zero M\u00e1scara L\u00edquida Antifrizz 260ml"},"content":{"rendered":"<p>Truss Frizz Zero M\u00e1scara L\u00edquida Antifrizz 260ml<\/p>\n<p>Tratamento condicionante para todos os tipos de cabelos. Truss Frizz Zero trabalha a a\u00e7\u00e3o antifrizz, com a reconstru\u00e7\u00e3o dos fios com quebra quebrado. Ideal para aquelas fibras que n\u00e3o seguram escova e embara\u00e7am com facilmente.<br \/>\nO Tratamento Condicionante Truss Frizz Zero \u00e9 ultraconcentrado e de f\u00e1cil absor\u00e7\u00e3o, foi desenvolvido para condicionar, hidratar, selar a cut\u00edcula capilar e devolver rapidamente a maciez, o brilho e a maleabilidade aos fios.<br \/>\nFrizz Zero, de Truss, conta com uma carga de \u00f3leos muito grande, por isso n\u00e3o \u00e9 indicado para cabelos com excesso de oleosidade.<\/p>\n<p>Modo de Uso:<br \/>\nCabelos finos: ap\u00f3s lavar o cabelo com shampoo, aplique a m\u00e1scara no comprimento e pontas. Massageie, deixe agir de 5 a 10 minutos e enx\u00e1gue. N\u00e3o \u00e9 necess\u00e1rio o uso de condicionador.<br \/>\nCabelos grossos: ap\u00f3s lavar o cabelo com shampoo, aplique a m\u00e1scara no comprimento e pontas. Massageie, deixe agir de 5 a 10 minutos e enx\u00e1gue para ter o efeito condicionante. Para finalizar, borrife no cabelo a uma dist\u00e2ncia de 20 a 30 cm e finalize como desejar.<br \/>\nBorrifar jato com dist\u00e2ncia. N\u00e3o \u00e9 aconselh\u00e1vel escovar ap\u00f3s a aplica\u00e7\u00e3o, pois faz muita fuma\u00e7a.<\/p>","protected":false},"excerpt":{"rendered":"<p>Truss Frizz Zero M\u00e1scara L\u00edquida Antifrizz 260ml Tratamento condicionante para todos os tipos de cabelos. Truss Frizz Zero trabalha a a\u00e7\u00e3o antifrizz, com a reconstru\u00e7\u00e3o dos fios com quebra quebrado. Ideal para aquelas fibras que n\u00e3o seguram escova e embara\u00e7am com facilmente. O Tratamento Condicionante Truss Frizz Zero \u00e9 ultraconcentrado e de f\u00e1cil absor\u00e7\u00e3o, foi [&hellip;]<\/p>\n","protected":false},"featured_media":4546,"comment_status":"open","ping_status":"closed","template":"","meta":{"_joinchat":[]},"product_cat":[275,368],"product_tag":[],"class_list":{"0":"post-4545","1":"product","2":"type-product","3":"status-publish","4":"has-post-thumbnail","6":"product_brand-truss","7":"product_cat-cuidado-pessoal","8":"product_cat-mascara","10":"first","11":"instock","12":"sale","13":"taxable","14":"shipping-taxable","15":"purchasable","16":"product-type-simple"},"_links":{"self":[{"href":"https:\/\/minasbrazil.store\/en\/wp-json\/wp\/v2\/product\/4545","targetHints":{"allow":["GET"]}}],"collection":[{"href":"https:\/\/minasbrazil.store\/en\/wp-json\/wp\/v2\/product"}],"about":[{"href":"https:\/\/minasbrazil.store\/en\/wp-json\/wp\/v2\/types\/product"}],"replies":[{"embeddable":true,"href":"https:\/\/minasbrazil.store\/en\/wp-json\/wp\/v2\/comments?post=4545"}],"wp:featuredmedia":[{"embeddable":true,"href":"https:\/\/minasbrazil.store\/en\/wp-json\/wp\/v2\/media\/4546"}],"wp:attachment":[{"href":"https:\/\/minasbrazil.store\/en\/wp-json\/wp\/v2\/media?parent=4545"}],"wp:term":[{"taxonomy":"product_cat","embeddable":true,"href":"https:\/\/minasbrazil.store\/en\/wp-json\/wp\/v2\/product_cat?post=4545"},{"taxonomy":"product_tag","embeddable":true,"href":"https:\/\/minasbrazil.store\/en\/wp-json\/wp\/v2\/product_tag?post=4545"}],"curies":[{"name":"wp","href":"https:\/\/api.w.org\/{rel}","templated":true}]}}