{"id":4497,"date":"2025-01-05T12:05:12","date_gmt":"2025-01-05T15:05:12","guid":{"rendered":"https:\/\/minasbrazil.store\/?post_type=product&#038;p=4497"},"modified":"2025-01-05T12:06:13","modified_gmt":"2025-01-05T15:06:13","slug":"everk-cosmetics-stand-by-night-serum-120ml","status":"publish","type":"product","link":"https:\/\/minasbrazil.store\/en\/product\/everk-cosmetics-stand-by-night-serum-120ml\/","title":{"rendered":"Everk Cosmetics Stand By Night Serum 120ml"},"content":{"rendered":"<p>O Stand-By \u00e9 um complemento \u00e0 rotina habitual da maioria das mulheres. Ele funciona como um tratamento extra capaz de cuidar da fibra capilar nos momentos do dia em que ela n\u00e3o\u00a0 est\u00e1 exposta \u00e0 a\u00e7\u00e3o dos agressores externos, como calor extremo e radia\u00e7\u00e3o ultravioleta. Ao acordar, o resultado \u00e9 um cabelo mais macio, suave e leve, livre da apar\u00eancia oleosa e pesada.<\/p>","protected":false},"excerpt":{"rendered":"<p>O Stand-By \u00e9 um complemento \u00e0 rotina habitual da maioria das mulheres. Ele funciona como um tratamento extra capaz de cuidar da fibra capilar nos momentos do dia em que ela n\u00e3o\u00a0 est\u00e1 exposta \u00e0 a\u00e7\u00e3o dos agressores externos, como calor extremo e radia\u00e7\u00e3o ultravioleta. Ao acordar, o resultado \u00e9 um cabelo mais macio, suave [&hellip;]<\/p>\n","protected":false},"featured_media":4498,"comment_status":"open","ping_status":"closed","template":"","meta":{"_joinchat":[]},"product_cat":[275],"product_tag":[],"class_list":{"0":"post-4497","1":"product","2":"type-product","3":"status-publish","4":"has-post-thumbnail","6":"product_brand-everk","7":"product_brand-gold-spell","8":"product_cat-cuidado-pessoal","10":"first","11":"instock","12":"sale","13":"taxable","14":"shipping-taxable","15":"purchasable","16":"product-type-simple"},"_links":{"self":[{"href":"https:\/\/minasbrazil.store\/en\/wp-json\/wp\/v2\/product\/4497","targetHints":{"allow":["GET"]}}],"collection":[{"href":"https:\/\/minasbrazil.store\/en\/wp-json\/wp\/v2\/product"}],"about":[{"href":"https:\/\/minasbrazil.store\/en\/wp-json\/wp\/v2\/types\/product"}],"replies":[{"embeddable":true,"href":"https:\/\/minasbrazil.store\/en\/wp-json\/wp\/v2\/comments?post=4497"}],"wp:featuredmedia":[{"embeddable":true,"href":"https:\/\/minasbrazil.store\/en\/wp-json\/wp\/v2\/media\/4498"}],"wp:attachment":[{"href":"https:\/\/minasbrazil.store\/en\/wp-json\/wp\/v2\/media?parent=4497"}],"wp:term":[{"taxonomy":"product_cat","embeddable":true,"href":"https:\/\/minasbrazil.store\/en\/wp-json\/wp\/v2\/product_cat?post=4497"},{"taxonomy":"product_tag","embeddable":true,"href":"https:\/\/minasbrazil.store\/en\/wp-json\/wp\/v2\/product_tag?post=4497"}],"curies":[{"name":"wp","href":"https:\/\/api.w.org\/{rel}","templated":true}]}}