{"id":4493,"date":"2025-01-05T11:59:36","date_gmt":"2025-01-05T14:59:36","guid":{"rendered":"https:\/\/minasbrazil.store\/?post_type=product&#038;p=4493"},"modified":"2025-01-05T12:02:00","modified_gmt":"2025-01-05T15:02:00","slug":"shampoo-dnaplex-250ml-gold-spell-co-cresce-cabelo-original","status":"publish","type":"product","link":"https:\/\/minasbrazil.store\/en\/product\/shampoo-dnaplex-250ml-gold-spell-co-cresce-cabelo-original\/","title":{"rendered":"Shampoo Dnaplex 250ml Gold Spell Co Cresce Cabelo &#8211; Original"},"content":{"rendered":"<p>O caminho para o cabelo perfeito requer cuidados especiais, e hoje voc\u00ea pode conseguir essa mudan\u00e7a com a ajuda da Gold Spell Cosm\u00e9ticos.<\/p>\n<p>Livre de crueldade<br \/>\nEste produto \u00e9 feito sem machucar nenhum animal<\/p>","protected":false},"excerpt":{"rendered":"<p>O caminho para o cabelo perfeito requer cuidados especiais, e hoje voc\u00ea pode conseguir essa mudan\u00e7a com a ajuda da Gold Spell Cosm\u00e9ticos. Livre de crueldade Este produto \u00e9 feito sem machucar nenhum animal<\/p>","protected":false},"featured_media":4494,"comment_status":"open","ping_status":"closed","template":"","meta":{"_joinchat":[]},"product_cat":[275,292],"product_tag":[],"class_list":{"0":"post-4493","1":"product","2":"type-product","3":"status-publish","4":"has-post-thumbnail","6":"product_brand-gold-spell","7":"product_cat-cuidado-pessoal","8":"product_cat-shampoo","10":"first","11":"instock","12":"sale","13":"taxable","14":"shipping-taxable","15":"purchasable","16":"product-type-simple"},"_links":{"self":[{"href":"https:\/\/minasbrazil.store\/en\/wp-json\/wp\/v2\/product\/4493","targetHints":{"allow":["GET"]}}],"collection":[{"href":"https:\/\/minasbrazil.store\/en\/wp-json\/wp\/v2\/product"}],"about":[{"href":"https:\/\/minasbrazil.store\/en\/wp-json\/wp\/v2\/types\/product"}],"replies":[{"embeddable":true,"href":"https:\/\/minasbrazil.store\/en\/wp-json\/wp\/v2\/comments?post=4493"}],"wp:featuredmedia":[{"embeddable":true,"href":"https:\/\/minasbrazil.store\/en\/wp-json\/wp\/v2\/media\/4494"}],"wp:attachment":[{"href":"https:\/\/minasbrazil.store\/en\/wp-json\/wp\/v2\/media?parent=4493"}],"wp:term":[{"taxonomy":"product_cat","embeddable":true,"href":"https:\/\/minasbrazil.store\/en\/wp-json\/wp\/v2\/product_cat?post=4493"},{"taxonomy":"product_tag","embeddable":true,"href":"https:\/\/minasbrazil.store\/en\/wp-json\/wp\/v2\/product_tag?post=4493"}],"curies":[{"name":"wp","href":"https:\/\/api.w.org\/{rel}","templated":true}]}}