{"id":4489,"date":"2025-01-05T11:32:57","date_gmt":"2025-01-05T14:32:57","guid":{"rendered":"https:\/\/minasbrazil.store\/?post_type=product&#038;p=4489"},"modified":"2025-01-05T11:39:07","modified_gmt":"2025-01-05T14:39:07","slug":"pre-poo-purple-500ml-oleo-de-mirra-everk-original","status":"publish","type":"product","link":"https:\/\/minasbrazil.store\/en\/product\/pre-poo-purple-500ml-oleo-de-mirra-everk-original\/","title":{"rendered":"Pr\u00e9-poo Purple 500ml \u00d3leo De Mirra Everk &#8211; Original"},"content":{"rendered":"<p>O PR\u00c9-POO PURPLE \u00e9 um tratamento altamente hidratante, formulado para proteger o cabelo na hora de lavar o cabelo com shampoo. Sua f\u00f3rmula super saturada de vitaminas impede que a oleosidade natural dos fios seja eliminada pelo shampoo no momento da lavagem.<\/p>\n<p>O PR\u00c9-POO Purple, nossa nova vers\u00e3o do amado e ORIGINAL PR\u00c9-POO EVERK, um tratamento para proteger os fios de danos causados pelo shampoo. O PR\u00c9-POO Purple tem sua formula\u00e7\u00e3o a base de \u00f3leo de mirra e \u00e1cido hialur\u00f4nico.<\/p>\n<p>Voc\u00ea consegue proteger e tratar seu cabelo de forma f\u00e1cil e acess\u00edvel?<br \/>\nEnt\u00e3o experimente o PR\u00c9-POO PURPLE nos cabelos antes da lavagem e garanta fios saud\u00e1veis e bonitos.<\/p>\n<p>Sugest\u00e3o de Uso:<\/p>\n<p>Aplique o Pr\u00e9-Poo 20 minutos antes de lavar o cabelo com shampoo, do meio para as pontas do cabelo!<br \/>\nObs. O Pr\u00e9-Poo deve ser aplicado sobre o cabelo seco antes da lavagem.<\/p>","protected":false},"excerpt":{"rendered":"<p>O PR\u00c9-POO PURPLE \u00e9 um tratamento altamente hidratante, formulado para proteger o cabelo na hora de lavar o cabelo com shampoo. Sua f\u00f3rmula super saturada de vitaminas impede que a oleosidade natural dos fios seja eliminada pelo shampoo no momento da lavagem. O PR\u00c9-POO Purple, nossa nova vers\u00e3o do amado e ORIGINAL PR\u00c9-POO EVERK, um [&hellip;]<\/p>\n","protected":false},"featured_media":4490,"comment_status":"open","ping_status":"closed","template":"","meta":{"_joinchat":[]},"product_cat":[275],"product_tag":[],"class_list":{"0":"post-4489","1":"product","2":"type-product","3":"status-publish","4":"has-post-thumbnail","6":"product_brand-everk","7":"product_cat-cuidado-pessoal","9":"first","10":"instock","11":"sale","12":"taxable","13":"shipping-taxable","14":"purchasable","15":"product-type-simple"},"_links":{"self":[{"href":"https:\/\/minasbrazil.store\/en\/wp-json\/wp\/v2\/product\/4489","targetHints":{"allow":["GET"]}}],"collection":[{"href":"https:\/\/minasbrazil.store\/en\/wp-json\/wp\/v2\/product"}],"about":[{"href":"https:\/\/minasbrazil.store\/en\/wp-json\/wp\/v2\/types\/product"}],"replies":[{"embeddable":true,"href":"https:\/\/minasbrazil.store\/en\/wp-json\/wp\/v2\/comments?post=4489"}],"wp:featuredmedia":[{"embeddable":true,"href":"https:\/\/minasbrazil.store\/en\/wp-json\/wp\/v2\/media\/4490"}],"wp:attachment":[{"href":"https:\/\/minasbrazil.store\/en\/wp-json\/wp\/v2\/media?parent=4489"}],"wp:term":[{"taxonomy":"product_cat","embeddable":true,"href":"https:\/\/minasbrazil.store\/en\/wp-json\/wp\/v2\/product_cat?post=4489"},{"taxonomy":"product_tag","embeddable":true,"href":"https:\/\/minasbrazil.store\/en\/wp-json\/wp\/v2\/product_tag?post=4489"}],"curies":[{"name":"wp","href":"https:\/\/api.w.org\/{rel}","templated":true}]}}