{"id":4487,"date":"2025-01-05T11:27:54","date_gmt":"2025-01-05T14:27:54","guid":{"rendered":"https:\/\/minasbrazil.store\/?post_type=product&#038;p=4487"},"modified":"2026-03-14T13:47:11","modified_gmt":"2026-03-14T16:47:11","slug":"nova-progressiva-fioterapia-500ml","status":"publish","type":"product","link":"https:\/\/minasbrazil.store\/en\/product\/nova-progressiva-fioterapia-500ml\/","title":{"rendered":"Nova Progressiva Fioterapia 500ml"},"content":{"rendered":"<p>Fioterapia. Agora ficou f\u00e1cil ter o cabelo maravilhoso por meses sem ter que fazer chapinha todos os dias! Um pouco mais sobre a FIOTERAPIA: Estudamos tudo que h\u00e1 de melhor no mercado, at\u00e9 que encontramos a formula\u00e7\u00e3o perfeita que deixa o cabelo sem volume, hidratado, sedoso e com super brilho! Uma f\u00f3rmula org\u00e2nica, supersaturada de componentes que o seu cabelo precisa para ficar maravilhoso. A FIOTERAPIA conta com silicones nobres, extrato de caf\u00e9, blend de \u00e1cidos poderosos e uma base super hidratante e condicionante. USO SUGERIDO: Aplique sobre os fios \u00famidos e limpos da raiz \u00e0s pontas, deixe o produto agir por 50 minutos, retire o excesso com \u00e1gua, seque o cabelo e finalize com escova, chapinha ou ao seu gosto. QUAL O OBJETIVO DA FIOTERAPIA? Tratar os cabelos danificados por qu\u00edmicas, reduzir volume, alinhar os fios, dar brilho e sedosidade. \u00c9 INDICADO PARA TODOS OS TIPOS DE CABELOS? Sim a FIOTERAPIA, \u00e9 indicada para todos os tipos de cabelos! Principalmente para cabelos volumosos. ESTE PRODUTO CONT\u00c9M FORMOL? N\u00e3o, o produto n\u00e3o cont\u00e9m formol! Sua f\u00f3rmula \u00e9 totalmente org\u00e2nica. \u00c9 COMPAT\u00cdVEL COM QUALQUER QU\u00cdMICA? O produto \u00e9 compat\u00edvel com qualquer qu\u00edmica, por\u00e9m em cabelos com hen\u00ea indicamos uma pausa de no m\u00ednimo 12 meses entre um tratamento e o outro.<\/p>","protected":false},"excerpt":{"rendered":"<p>Fioterapia. Agora ficou f\u00e1cil ter o cabelo maravilhoso por meses sem ter que fazer chapinha todos os dias! Um pouco mais sobre a FIOTERAPIA: Estudamos tudo que h\u00e1 de melhor no mercado, at\u00e9 que encontramos a formula\u00e7\u00e3o perfeita que deixa o cabelo sem volume, hidratado, sedoso e com super brilho! Uma f\u00f3rmula org\u00e2nica, supersaturada de [&hellip;]<\/p>\n","protected":false},"featured_media":4488,"comment_status":"open","ping_status":"closed","template":"","meta":{"_joinchat":[]},"product_cat":[275,369],"product_tag":[],"class_list":{"0":"post-4487","1":"product","2":"type-product","3":"status-publish","4":"has-post-thumbnail","6":"product_brand-gold-spell","7":"product_cat-cuidado-pessoal","8":"product_cat-progressiva","10":"first","11":"outofstock","12":"sale","13":"taxable","14":"shipping-taxable","15":"purchasable","16":"product-type-simple"},"_links":{"self":[{"href":"https:\/\/minasbrazil.store\/en\/wp-json\/wp\/v2\/product\/4487","targetHints":{"allow":["GET"]}}],"collection":[{"href":"https:\/\/minasbrazil.store\/en\/wp-json\/wp\/v2\/product"}],"about":[{"href":"https:\/\/minasbrazil.store\/en\/wp-json\/wp\/v2\/types\/product"}],"replies":[{"embeddable":true,"href":"https:\/\/minasbrazil.store\/en\/wp-json\/wp\/v2\/comments?post=4487"}],"wp:featuredmedia":[{"embeddable":true,"href":"https:\/\/minasbrazil.store\/en\/wp-json\/wp\/v2\/media\/4488"}],"wp:attachment":[{"href":"https:\/\/minasbrazil.store\/en\/wp-json\/wp\/v2\/media?parent=4487"}],"wp:term":[{"taxonomy":"product_cat","embeddable":true,"href":"https:\/\/minasbrazil.store\/en\/wp-json\/wp\/v2\/product_cat?post=4487"},{"taxonomy":"product_tag","embeddable":true,"href":"https:\/\/minasbrazil.store\/en\/wp-json\/wp\/v2\/product_tag?post=4487"}],"curies":[{"name":"wp","href":"https:\/\/api.w.org\/{rel}","templated":true}]}}