{"id":4474,"date":"2025-01-05T10:39:28","date_gmt":"2025-01-05T13:39:28","guid":{"rendered":"https:\/\/minasbrazil.store\/?post_type=product&#038;p=4474"},"modified":"2025-01-05T10:39:28","modified_gmt":"2025-01-05T13:39:28","slug":"efeito-soneca-gold-spell","status":"publish","type":"product","link":"https:\/\/minasbrazil.store\/en\/product\/efeito-soneca-gold-spell\/","title":{"rendered":"Efeito Soneca Gold Spell"},"content":{"rendered":"<div class=\"sc-bZQynM sc-kgoBCf row  sc-gxMtzJ hUQzSE\">\n<div class=\"sc-bZQynM sc-kgoBCf col-md-12  sc-dqBHgY jeGkyP\">\n<div class=\"sc-jqCOkK gSNeWP\">\n<div class=\"sc-bZQynM sc-kgoBCf eyfBp\">\n<div>Uma m\u00e1scara ultra potente que hidrata os fios e possui a\u00e7\u00e3o Anti Volume. M\u00e1scara Hidratante super eficaz que age suavizando os fios deixando eles super sedosos, macios e com muito brilho! O Efeito Soneca recupera os fios agredidos por qu\u00edmicas realizando uma hidrata\u00e7\u00e3o profunda, garantindo assim a redu\u00e7\u00e3o do volume e alinhamento capilar.<\/div>\n<div><\/div>\n<div>Essa n\u00e3o \u00e9 s\u00f3 mais uma m\u00e1scara de hidrata\u00e7\u00e3o ou reconstru\u00e7\u00e3o comum, o Efeito Soneca \u00e9 uma mascar\u00e1 p\u00f3s qu\u00edmica que engrossa os fios, da brilho e controla o volume do seu cabelo! O resultado \u00e9 surpreendente! O cabelo fica sem volume (alinhado), super sedoso, com super brilho, hidratado e mais firme! Mas como isso \u00e9 poss\u00edvel? O Efeito Soneca \u00e9 a combina\u00e7\u00e3o de um blend de silicones nobres + um blend de vitaminas essenciais que o cabelo acaba perdendo por conta do uso de qu\u00edmicas! O Efeito Soneca n\u00e3o tem qu\u00edmicas, sendo assim voc\u00ea tem muito mais resultado em muito menos tempo com muita seguran\u00e7a.<\/div>\n<\/div>\n<\/div>\n<\/div>\n<\/div>\n<div class=\"sc-bZQynM sc-kgoBCf row  sc-gxMtzJ hoWiKk\">\n<div class=\"sc-bZQynM sc-kgoBCf col-md-12  sc-dqBHgY jeGkyP\">\n<div class=\"sc-jqCOkK gSNeWP\">\n<div class=\"sc-bZQynM sc-kgoBCf bPiACn\">\n<div>Para quem \u00e9 indicado:<\/div>\n<\/div>\n<\/div>\n<div class=\"sc-jqCOkK gSNeWP\">\n<div class=\"sc-bZQynM sc-kgoBCf eyfBp\">\n<div>Indicado para todos os tipos de cabelos, principalmente os ressecados, com frizz e volume em excesso.<\/div>\n<div>\u00a0Se voc\u00ea fez ou faz progressiva no cabelo, voc\u00ea precisa utilizar o Efeito Soneca para tratar os fios e fazer a sua progressiva durar at\u00e9 3X mais!<\/div>\n<\/div>\n<\/div>\n<\/div>\n<\/div>\n<div class=\"sc-bZQynM sc-kgoBCf row  sc-gxMtzJ hsMujd\">\n<div class=\"sc-bZQynM sc-kgoBCf col-md-12  sc-dqBHgY jeGkyP\">\n<div class=\"sc-jqCOkK gSNeWP\">\n<div class=\"sc-bZQynM sc-kgoBCf bPiACn\">\n<div>Modo de Uso:<\/div>\n<\/div>\n<\/div>\n<div class=\"sc-jqCOkK gSNeWP\">\n<div class=\"sc-bZQynM sc-kgoBCf eyfBp\">\n<div>Aplique sobre os cabelos \u00famidos e limpos. Deixe o produto no cabelo por 5 minutos e enxague. Finalize como desejar.<\/div>\n<\/div>\n<\/div>\n<\/div>\n<\/div>","protected":false},"excerpt":{"rendered":"<p>Uma m\u00e1scara ultra potente que hidrata os fios e possui a\u00e7\u00e3o Anti Volume. M\u00e1scara Hidratante super eficaz que age suavizando os fios deixando eles super sedosos, macios e com muito brilho! O Efeito Soneca recupera os fios agredidos por qu\u00edmicas realizando uma hidrata\u00e7\u00e3o profunda, garantindo assim a redu\u00e7\u00e3o do volume e alinhamento capilar. Essa n\u00e3o [&hellip;]<\/p>\n","protected":false},"featured_media":4475,"comment_status":"open","ping_status":"closed","template":"","meta":{"_joinchat":[]},"product_cat":[275,368],"product_tag":[],"class_list":{"0":"post-4474","1":"product","2":"type-product","3":"status-publish","4":"has-post-thumbnail","6":"product_brand-gold-spell","7":"product_cat-cuidado-pessoal","8":"product_cat-mascara","10":"first","11":"instock","12":"sale","13":"taxable","14":"shipping-taxable","15":"purchasable","16":"product-type-simple"},"_links":{"self":[{"href":"https:\/\/minasbrazil.store\/en\/wp-json\/wp\/v2\/product\/4474","targetHints":{"allow":["GET"]}}],"collection":[{"href":"https:\/\/minasbrazil.store\/en\/wp-json\/wp\/v2\/product"}],"about":[{"href":"https:\/\/minasbrazil.store\/en\/wp-json\/wp\/v2\/types\/product"}],"replies":[{"embeddable":true,"href":"https:\/\/minasbrazil.store\/en\/wp-json\/wp\/v2\/comments?post=4474"}],"wp:featuredmedia":[{"embeddable":true,"href":"https:\/\/minasbrazil.store\/en\/wp-json\/wp\/v2\/media\/4475"}],"wp:attachment":[{"href":"https:\/\/minasbrazil.store\/en\/wp-json\/wp\/v2\/media?parent=4474"}],"wp:term":[{"taxonomy":"product_cat","embeddable":true,"href":"https:\/\/minasbrazil.store\/en\/wp-json\/wp\/v2\/product_cat?post=4474"},{"taxonomy":"product_tag","embeddable":true,"href":"https:\/\/minasbrazil.store\/en\/wp-json\/wp\/v2\/product_tag?post=4474"}],"curies":[{"name":"wp","href":"https:\/\/api.w.org\/{rel}","templated":true}]}}