{"id":4459,"date":"2025-01-05T09:47:07","date_gmt":"2025-01-05T12:47:07","guid":{"rendered":"https:\/\/minasbrazil.store\/?post_type=product&#038;p=4459"},"modified":"2025-01-21T17:48:39","modified_gmt":"2025-01-21T20:48:39","slug":"shampoo-siage-combate-o-frizz-250ml-eudora","status":"publish","type":"product","link":"https:\/\/minasbrazil.store\/en\/product\/shampoo-siage-combate-o-frizz-250ml-eudora\/","title":{"rendered":"Shampoo Combate o frizz 250ml | Eudora"},"content":{"rendered":"<p><strong>Shampoo Si\u00e0ge combate o frizz 250ml | Eudora<\/strong>\u00a0controla at\u00e9 os fios mais rebeldes e cria uma barreira protetora que bloqueia o frizz por at\u00e9 72h.<\/p>\n<p><strong>Caracter\u00edsticas:<\/strong><br \/>\nMarca:\u00a0Eudora<br \/>\nLinha:\u00a0Si\u00e0ge<br \/>\nTamanho 250ml<br \/>\nControle do frizz<\/p>\n<p>Recomenda\u00e7\u00e3o de uso:\u00a0Aplique sobre os cabelos \u00famidos, massageando suavemente o couro cabeludo at\u00e9 formar espuma. Enx\u00e1gue abundantemente e reaplique se necess\u00e1rio.<\/p>","protected":false},"excerpt":{"rendered":"<p>Shampoo Si\u00e0ge combate o frizz 250ml | Eudora\u00a0controla at\u00e9 os fios mais rebeldes e cria uma barreira protetora que bloqueia o frizz por at\u00e9 72h. Caracter\u00edsticas: Marca:\u00a0Eudora Linha:\u00a0Si\u00e0ge Tamanho 250ml Controle do frizz Recomenda\u00e7\u00e3o de uso:\u00a0Aplique sobre os cabelos \u00famidos, massageando suavemente o couro cabeludo at\u00e9 formar espuma. Enx\u00e1gue abundantemente e reaplique se necess\u00e1rio.<\/p>","protected":false},"featured_media":4461,"comment_status":"open","ping_status":"closed","template":"","meta":{"_joinchat":[]},"product_cat":[275,292],"product_tag":[],"class_list":{"0":"post-4459","1":"product","2":"type-product","3":"status-publish","4":"has-post-thumbnail","6":"product_brand-eudora-siage","7":"product_cat-cuidado-pessoal","8":"product_cat-shampoo","10":"first","11":"instock","12":"sale","13":"taxable","14":"shipping-taxable","15":"purchasable","16":"product-type-simple"},"_links":{"self":[{"href":"https:\/\/minasbrazil.store\/en\/wp-json\/wp\/v2\/product\/4459","targetHints":{"allow":["GET"]}}],"collection":[{"href":"https:\/\/minasbrazil.store\/en\/wp-json\/wp\/v2\/product"}],"about":[{"href":"https:\/\/minasbrazil.store\/en\/wp-json\/wp\/v2\/types\/product"}],"replies":[{"embeddable":true,"href":"https:\/\/minasbrazil.store\/en\/wp-json\/wp\/v2\/comments?post=4459"}],"wp:featuredmedia":[{"embeddable":true,"href":"https:\/\/minasbrazil.store\/en\/wp-json\/wp\/v2\/media\/4461"}],"wp:attachment":[{"href":"https:\/\/minasbrazil.store\/en\/wp-json\/wp\/v2\/media?parent=4459"}],"wp:term":[{"taxonomy":"product_cat","embeddable":true,"href":"https:\/\/minasbrazil.store\/en\/wp-json\/wp\/v2\/product_cat?post=4459"},{"taxonomy":"product_tag","embeddable":true,"href":"https:\/\/minasbrazil.store\/en\/wp-json\/wp\/v2\/product_tag?post=4459"}],"curies":[{"name":"wp","href":"https:\/\/api.w.org\/{rel}","templated":true}]}}