{"id":4455,"date":"2025-01-05T09:07:35","date_gmt":"2025-01-05T12:07:35","guid":{"rendered":"https:\/\/minasbrazil.store\/?post_type=product&#038;p=4455"},"modified":"2025-01-21T17:52:29","modified_gmt":"2025-01-21T20:52:29","slug":"eudora-siage-glow-expert-shampoo-250ml","status":"publish","type":"product","link":"https:\/\/minasbrazil.store\/en\/product\/eudora-siage-glow-expert-shampoo-250ml\/","title":{"rendered":"Shampoo Glow Expert 250ml l Eudora"},"content":{"rendered":"<p>A linha<strong> Si\u00e0ge Glow Expert<\/strong> \u00e9 a infus\u00e3o de brilho e disciplina que faltava na sua rotina capilar. Sua f\u00f3rmula inovadora penetra na fibra e alinha os fios rebeldes promovendo um brilho \u00fanico, ela conta com micropart\u00edculas de Flor das Geleiras, um ativo raro, reconhecido por permitir que as prote\u00ednas respons\u00e1veis pelo brilho sejam distribu\u00eddas desde a raiz at\u00e9 a ponta dos fios. Aliado ao blend de ativos <strong>Glossfix<\/strong> o produto forma um filme protetor que sela as cut\u00edculas e melhora o aspecto das pontas duplas e triplas, al\u00e9m de blindar a porosidade dos fios e promover cabelos 2x mais disciplinados. <strong>Benef\u00edcios:<\/strong> \u2022 Cabelos 90% mais disciplinados no 1\u00ba uso \u2022 Suaviza a superf\u00edcie irregular do fio deixando-o uniforme e polido \u2022 Devolve 100% do brilho com alta fixa\u00e7\u00e3o e durabilidade &#8211; Transforma\u00e7\u00e3o completa dos cabelos rebeldes: Cabelos extremamente alinhados, sem frizz e com um brilho refletor. Limpar e purificar os fios sem ressecar garantindo brilho e luminosidade e devolver o 100% brilho do cabelo com alta fixa\u00e7\u00e3o e durabilidade. <strong>Modo de Uso:<\/strong> &#8211; Aplique sobre os cabelos \u00famidos, &#8211; Massageie suavemente o couro cabeludo at\u00e9 formar espuma. &#8211; Enx\u00e1gue abundantemente e reaplique se necess\u00e1rio. <strong>Si\u00e0ge Glow Expert <\/strong>buscou nos alpes su\u00ed\u00e7os um ativo raro e inovador e adicionou um blend de ingredientes para chegar em uma f\u00f3rmula \u00fanica e exclusiva, que entrega brilho revolucion\u00e1rio por 72 horas, fios polidos e disciplinados, sem deixar os cabelos com aspecto oleoso ou pesado.<\/p>","protected":false},"excerpt":{"rendered":"<p>A linha Si\u00e0ge Glow Expert \u00e9 a infus\u00e3o de brilho e disciplina que faltava na sua rotina capilar. Sua f\u00f3rmula inovadora penetra na fibra e alinha os fios rebeldes promovendo um brilho \u00fanico, ela conta com micropart\u00edculas de Flor das Geleiras, um ativo raro, reconhecido por permitir que as prote\u00ednas respons\u00e1veis pelo brilho sejam distribu\u00eddas [&hellip;]<\/p>\n","protected":false},"featured_media":4456,"comment_status":"open","ping_status":"closed","template":"","meta":{"_joinchat":[]},"product_cat":[275,292],"product_tag":[],"class_list":{"0":"post-4455","1":"product","2":"type-product","3":"status-publish","4":"has-post-thumbnail","6":"product_brand-eudora-siage","7":"product_cat-cuidado-pessoal","8":"product_cat-shampoo","10":"first","11":"instock","12":"sale","13":"taxable","14":"shipping-taxable","15":"purchasable","16":"product-type-simple"},"_links":{"self":[{"href":"https:\/\/minasbrazil.store\/en\/wp-json\/wp\/v2\/product\/4455","targetHints":{"allow":["GET"]}}],"collection":[{"href":"https:\/\/minasbrazil.store\/en\/wp-json\/wp\/v2\/product"}],"about":[{"href":"https:\/\/minasbrazil.store\/en\/wp-json\/wp\/v2\/types\/product"}],"replies":[{"embeddable":true,"href":"https:\/\/minasbrazil.store\/en\/wp-json\/wp\/v2\/comments?post=4455"}],"wp:featuredmedia":[{"embeddable":true,"href":"https:\/\/minasbrazil.store\/en\/wp-json\/wp\/v2\/media\/4456"}],"wp:attachment":[{"href":"https:\/\/minasbrazil.store\/en\/wp-json\/wp\/v2\/media?parent=4455"}],"wp:term":[{"taxonomy":"product_cat","embeddable":true,"href":"https:\/\/minasbrazil.store\/en\/wp-json\/wp\/v2\/product_cat?post=4455"},{"taxonomy":"product_tag","embeddable":true,"href":"https:\/\/minasbrazil.store\/en\/wp-json\/wp\/v2\/product_tag?post=4455"}],"curies":[{"name":"wp","href":"https:\/\/api.w.org\/{rel}","templated":true}]}}