{"id":4452,"date":"2025-01-05T09:03:31","date_gmt":"2025-01-05T12:03:31","guid":{"rendered":"https:\/\/minasbrazil.store\/?post_type=product&#038;p=4452"},"modified":"2025-01-21T17:50:22","modified_gmt":"2025-01-21T20:50:22","slug":"eudora-siage-glow-expert-condicionador-200ml","status":"publish","type":"product","link":"https:\/\/minasbrazil.store\/en\/product\/eudora-siage-glow-expert-condicionador-200ml\/","title":{"rendered":"Condicionador Glow Expert 200ml l Eudora"},"content":{"rendered":"<p>A linha<strong> Si\u00e0ge Glow Expert<\/strong> \u00e9 a infus\u00e3o de brilho e disciplina que faltava na sua rotina capilar. Sua f\u00f3rmula inovadora penetra na fibra e alinha os fios rebeldes promovendo um brilho \u00fanico, ela conta com micropart\u00edculas de Flor das Geleiras, um ativo raro, reconhecido por permitir que as prote\u00ednas respons\u00e1veis pelo brilho sejam distribu\u00eddas desde a raiz at\u00e9 a ponta dos fios. O <strong>Glossfix<\/strong>, um blend de ativos exclusivo <strong>Si\u00e0ge<\/strong>, fixa o brilho nos cabelos, durando muito mais tempo. A linha tamb\u00e9m atua nas pontas duplas e triplas, selando as cut\u00edculas e deixando as pontas com aspecto saud\u00e1vel. <strong>Resultados expert para os fios:<\/strong> \u2022 Cabelos 90% mais disciplinados no 1\u00bauso \u2022 Suaviza a superf\u00edcie irregular do fio deixando-o uniforme e polido \u2022 Devolve 100% do brilho com alta fixa\u00e7\u00e3o e durabilidade \u2022 Transforma\u00e7\u00e3o completa dos cabelos rebeldes: Cabelos extremamente alinhados, sem frizz e com um brilho refletor. O <strong>Condicionador<\/strong> hidrata imediatamente e sela as cut\u00edculas deixando os fios brilhantes e disciplinados. <strong>Modo de Uso:<\/strong> &#8211; Ap\u00f3s lavar os cabelos com o Shampoo da linha, aplique o condicionador em todo o comprimento e nas pontas. &#8211; Deixe agir por 1 minuto e enx\u00e1gue. O <strong>Condicionador<\/strong> hidrata imediatamente e sela as cut\u00edculas deixando os fios brilhantes e disciplinados, e devolver o 100% brilho do cabelo com alta fixa\u00e7\u00e3o e durabilidade;<\/p>","protected":false},"excerpt":{"rendered":"<p>A linha Si\u00e0ge Glow Expert \u00e9 a infus\u00e3o de brilho e disciplina que faltava na sua rotina capilar. Sua f\u00f3rmula inovadora penetra na fibra e alinha os fios rebeldes promovendo um brilho \u00fanico, ela conta com micropart\u00edculas de Flor das Geleiras, um ativo raro, reconhecido por permitir que as prote\u00ednas respons\u00e1veis pelo brilho sejam distribu\u00eddas [&hellip;]<\/p>\n","protected":false},"featured_media":4454,"comment_status":"open","ping_status":"closed","template":"","meta":{"_joinchat":[]},"product_cat":[296,275],"product_tag":[],"class_list":{"0":"post-4452","1":"product","2":"type-product","3":"status-publish","4":"has-post-thumbnail","6":"product_brand-eudora-siage","7":"product_cat-condicionador","8":"product_cat-cuidado-pessoal","10":"first","11":"instock","12":"sale","13":"taxable","14":"shipping-taxable","15":"purchasable","16":"product-type-simple"},"_links":{"self":[{"href":"https:\/\/minasbrazil.store\/en\/wp-json\/wp\/v2\/product\/4452","targetHints":{"allow":["GET"]}}],"collection":[{"href":"https:\/\/minasbrazil.store\/en\/wp-json\/wp\/v2\/product"}],"about":[{"href":"https:\/\/minasbrazil.store\/en\/wp-json\/wp\/v2\/types\/product"}],"replies":[{"embeddable":true,"href":"https:\/\/minasbrazil.store\/en\/wp-json\/wp\/v2\/comments?post=4452"}],"wp:featuredmedia":[{"embeddable":true,"href":"https:\/\/minasbrazil.store\/en\/wp-json\/wp\/v2\/media\/4454"}],"wp:attachment":[{"href":"https:\/\/minasbrazil.store\/en\/wp-json\/wp\/v2\/media?parent=4452"}],"wp:term":[{"taxonomy":"product_cat","embeddable":true,"href":"https:\/\/minasbrazil.store\/en\/wp-json\/wp\/v2\/product_cat?post=4452"},{"taxonomy":"product_tag","embeddable":true,"href":"https:\/\/minasbrazil.store\/en\/wp-json\/wp\/v2\/product_tag?post=4452"}],"curies":[{"name":"wp","href":"https:\/\/api.w.org\/{rel}","templated":true}]}}