{"id":4449,"date":"2025-01-05T08:56:32","date_gmt":"2025-01-05T11:56:32","guid":{"rendered":"https:\/\/minasbrazil.store\/?post_type=product&#038;p=4449"},"modified":"2025-01-21T17:50:36","modified_gmt":"2025-01-21T20:50:36","slug":"shampoo-siage-hidratacao-micelar-250ml","status":"publish","type":"product","link":"https:\/\/minasbrazil.store\/en\/product\/shampoo-siage-hidratacao-micelar-250ml\/","title":{"rendered":"Shampoo Hidrata\u00e7\u00e3o Micelar 250ml l Eudora"},"content":{"rendered":"<h2 class=\"product-description-name\">Shampoo Si\u00e0ge Hidrata\u00e7\u00e3o Micelar 250ml<\/h2>\n<div class=\"product-description-content reset-allow-bold\">Com o Shampoo Si\u00e0ge Hidrata\u00e7\u00e3o Micelar , voc\u00ea vai ter os cabelos que sempre sonhou: hidratados, brilhantes e cheios de balan\u00e7o por mais tempo. Com uma limpeza suave , ele promove uma maciez incr\u00edvel e o movimento que ele proporciona \u00e9 percept\u00edvel desde a primeira aplica\u00e7\u00e3o, mudando completamente o visual dos seus cabelos. Com Ativos Biomim\u00e9ticos e Algas Marinhas que d\u00e3o um aspecto saud\u00e1vel, enquanto protege das agress\u00f5es di\u00e1rias, como sol, vento e chuva. A linha tamb\u00e9m possui um sistema micelar inteligente que detecta o n\u00edvel de ressecamento dos fios e os restaura na medida certa, sem deix\u00e1-los pesados. Dermatologicamente testado Nenhum produto Eudora \u00e9 testado em animais, ou seja, este item possui selo Cruelty Free.<\/div>","protected":false},"excerpt":{"rendered":"<p>Shampoo Si\u00e0ge Hidrata\u00e7\u00e3o Micelar 250ml Com o Shampoo Si\u00e0ge Hidrata\u00e7\u00e3o Micelar , voc\u00ea vai ter os cabelos que sempre sonhou: hidratados, brilhantes e cheios de balan\u00e7o por mais tempo. Com uma limpeza suave , ele promove uma maciez incr\u00edvel e o movimento que ele proporciona \u00e9 percept\u00edvel desde a primeira aplica\u00e7\u00e3o, mudando completamente o visual [&hellip;]<\/p>\n","protected":false},"featured_media":4450,"comment_status":"open","ping_status":"closed","template":"","meta":{"_joinchat":[]},"product_cat":[275,292],"product_tag":[],"class_list":{"0":"post-4449","1":"product","2":"type-product","3":"status-publish","4":"has-post-thumbnail","6":"product_cat-cuidado-pessoal","7":"product_cat-shampoo","9":"first","10":"instock","11":"sale","12":"taxable","13":"shipping-taxable","14":"purchasable","15":"product-type-simple"},"_links":{"self":[{"href":"https:\/\/minasbrazil.store\/en\/wp-json\/wp\/v2\/product\/4449","targetHints":{"allow":["GET"]}}],"collection":[{"href":"https:\/\/minasbrazil.store\/en\/wp-json\/wp\/v2\/product"}],"about":[{"href":"https:\/\/minasbrazil.store\/en\/wp-json\/wp\/v2\/types\/product"}],"replies":[{"embeddable":true,"href":"https:\/\/minasbrazil.store\/en\/wp-json\/wp\/v2\/comments?post=4449"}],"wp:featuredmedia":[{"embeddable":true,"href":"https:\/\/minasbrazil.store\/en\/wp-json\/wp\/v2\/media\/4450"}],"wp:attachment":[{"href":"https:\/\/minasbrazil.store\/en\/wp-json\/wp\/v2\/media?parent=4449"}],"wp:term":[{"taxonomy":"product_cat","embeddable":true,"href":"https:\/\/minasbrazil.store\/en\/wp-json\/wp\/v2\/product_cat?post=4449"},{"taxonomy":"product_tag","embeddable":true,"href":"https:\/\/minasbrazil.store\/en\/wp-json\/wp\/v2\/product_tag?post=4449"}],"curies":[{"name":"wp","href":"https:\/\/api.w.org\/{rel}","templated":true}]}}