{"id":4446,"date":"2025-01-05T08:52:33","date_gmt":"2025-01-05T11:52:33","guid":{"rendered":"https:\/\/minasbrazil.store\/?post_type=product&#038;p=4446"},"modified":"2025-01-21T17:47:38","modified_gmt":"2025-01-21T20:47:38","slug":"mascara-capilar-siage-combate-o-frizz-250g","status":"publish","type":"product","link":"https:\/\/minasbrazil.store\/en\/product\/mascara-capilar-siage-combate-o-frizz-250g\/","title":{"rendered":"M\u00e1scara Capilar Combate o Frizz 250g l Eudora"},"content":{"rendered":"<h2 class=\"product-description-name\">M\u00e1scara Capilar Si\u00e0ge Combate o Frizz 250g<\/h2>\n<div class=\"product-description-content reset-allow-bold\">A Biotecnologia Affinit\u00e9 4D, possui alta afinidade com o fio, o que possibilita que ela penetre na camada mais profunda do cabelo. Al\u00e9m disso ela tamb\u00e9m conta com um sistema inteligente detector de danos, que vai entender quais s\u00e3o os danos de cada tipo de cabelo e liberar os ativos gradualmente conforme a necessidade, mesmo ap\u00f3s o enx\u00e1gue. Eudora Si\u00e0ge uniu a for\u00e7a da natureza ao poder da ci\u00eancia e criou a exclusiva biotecnologia Affinit\u00e9 4D . Com intelig\u00eancia detectora de danos, trata os fios at\u00e9 a camada mais profunda, mesmo ap\u00f3s o enx\u00e1gue. Si\u00e0ge. Tecnologia para o seu melhor cabelo, todos os dias. Nenhum produto Eudora \u00e9 testado em animais, ou seja, este item possui selo Cruelty Free.<\/div>","protected":false},"excerpt":{"rendered":"<p>M\u00e1scara Capilar Si\u00e0ge Combate o Frizz 250g A Biotecnologia Affinit\u00e9 4D, possui alta afinidade com o fio, o que possibilita que ela penetre na camada mais profunda do cabelo. Al\u00e9m disso ela tamb\u00e9m conta com um sistema inteligente detector de danos, que vai entender quais s\u00e3o os danos de cada tipo de cabelo e liberar [&hellip;]<\/p>\n","protected":false},"featured_media":4447,"comment_status":"open","ping_status":"closed","template":"","meta":{"_joinchat":[]},"product_cat":[275,368],"product_tag":[],"class_list":{"0":"post-4446","1":"product","2":"type-product","3":"status-publish","4":"has-post-thumbnail","6":"product_brand-eudora-siage","7":"product_cat-cuidado-pessoal","8":"product_cat-mascara","10":"first","11":"outofstock","12":"sale","13":"taxable","14":"shipping-taxable","15":"purchasable","16":"product-type-simple"},"_links":{"self":[{"href":"https:\/\/minasbrazil.store\/en\/wp-json\/wp\/v2\/product\/4446","targetHints":{"allow":["GET"]}}],"collection":[{"href":"https:\/\/minasbrazil.store\/en\/wp-json\/wp\/v2\/product"}],"about":[{"href":"https:\/\/minasbrazil.store\/en\/wp-json\/wp\/v2\/types\/product"}],"replies":[{"embeddable":true,"href":"https:\/\/minasbrazil.store\/en\/wp-json\/wp\/v2\/comments?post=4446"}],"wp:featuredmedia":[{"embeddable":true,"href":"https:\/\/minasbrazil.store\/en\/wp-json\/wp\/v2\/media\/4447"}],"wp:attachment":[{"href":"https:\/\/minasbrazil.store\/en\/wp-json\/wp\/v2\/media?parent=4446"}],"wp:term":[{"taxonomy":"product_cat","embeddable":true,"href":"https:\/\/minasbrazil.store\/en\/wp-json\/wp\/v2\/product_cat?post=4446"},{"taxonomy":"product_tag","embeddable":true,"href":"https:\/\/minasbrazil.store\/en\/wp-json\/wp\/v2\/product_tag?post=4446"}],"curies":[{"name":"wp","href":"https:\/\/api.w.org\/{rel}","templated":true}]}}