{"id":4431,"date":"2025-01-05T08:30:43","date_gmt":"2025-01-05T11:30:43","guid":{"rendered":"https:\/\/minasbrazil.store\/?post_type=product&#038;p=4431"},"modified":"2025-01-21T17:52:04","modified_gmt":"2025-01-21T20:52:04","slug":"condicionador-siage-nutri-rose-200ml","status":"publish","type":"product","link":"https:\/\/minasbrazil.store\/en\/product\/condicionador-siage-nutri-rose-200ml\/","title":{"rendered":"Condicionador Nutri Ros\u00e9 200ml l Eudora"},"content":{"rendered":"<h2 class=\"product-description-name\">Condicionador Si\u00e0ge Nutri Ros\u00e9 200ml<\/h2>\n<div class=\"product-description-content reset-allow-bold\">O Condicionador Si\u00e0ge Nutri Ros\u00e9 possui f\u00f3rmula altamente hidratante para garantir cabelos macios e com brilho. Sua f\u00f3rmula com Elixir de Rosas , entrega um ativo poderoso obtido atrav\u00e9s da colheita de 30 mil p\u00e9talas de rosas que garantem a repara\u00e7\u00e3o dos fios por inteiro. Com o incr\u00edvel Efeito Anti-tesoura n\u00e3o ser\u00e1 mais necess\u00e1rio recorrer ao corte para ter cabelos lindos e saud\u00e1veis. Al\u00e9m de devolver sua resist\u00eancia natural, evitando que eles se quebrem facilmente. O condicionador proporciona cabelos com toque macio, mais resistentes, com brilho natural e benef\u00edcios como: -Nutri\u00e7\u00e3o profunda at\u00e9 a 3\u00aa camada do fio; -Repara\u00e7\u00e3o instant\u00e2nea e duradoura, sem pesar; -Raiz saud\u00e1vel e comprimento livre de pontas duplas. O Condicionador Si\u00e0ge Nutri Ros\u00e9 desembara\u00e7a o cabelo imediatamente, sela as cut\u00ed\u00adculas e previne a forma\u00e7\u00e3o de n\u00f3s. SOBRE A LINHA A linha Si\u00e0ge Nutri Ros\u00e9 \u00e9 enriquecida com um poderoso Elixir de Rosas , rico em vitaminas e antioxidantes que nutrem os fios e tem alto poder de repara\u00e7\u00e3o, combinado a natural Argila Vermelha que nutre os fios, promovendo equil\u00edbrio ao couro cabeludo e repara\u00e7\u00e3o profunda da ra\u00edz \u00e0s pontas. Nenhum produto Eudora \u00e9 testado em animais, ou seja, este item possui selo Cruelty Free.<\/div>","protected":false},"excerpt":{"rendered":"<p>Condicionador Si\u00e0ge Nutri Ros\u00e9 200ml O Condicionador Si\u00e0ge Nutri Ros\u00e9 possui f\u00f3rmula altamente hidratante para garantir cabelos macios e com brilho. Sua f\u00f3rmula com Elixir de Rosas , entrega um ativo poderoso obtido atrav\u00e9s da colheita de 30 mil p\u00e9talas de rosas que garantem a repara\u00e7\u00e3o dos fios por inteiro. Com o incr\u00edvel Efeito Anti-tesoura [&hellip;]<\/p>\n","protected":false},"featured_media":4432,"comment_status":"open","ping_status":"closed","template":"","meta":{"_joinchat":[]},"product_cat":[296,275],"product_tag":[],"class_list":{"0":"post-4431","1":"product","2":"type-product","3":"status-publish","4":"has-post-thumbnail","6":"product_brand-eudora-siage","7":"product_cat-condicionador","8":"product_cat-cuidado-pessoal","10":"first","11":"instock","12":"sale","13":"taxable","14":"shipping-taxable","15":"purchasable","16":"product-type-simple"},"_links":{"self":[{"href":"https:\/\/minasbrazil.store\/en\/wp-json\/wp\/v2\/product\/4431","targetHints":{"allow":["GET"]}}],"collection":[{"href":"https:\/\/minasbrazil.store\/en\/wp-json\/wp\/v2\/product"}],"about":[{"href":"https:\/\/minasbrazil.store\/en\/wp-json\/wp\/v2\/types\/product"}],"replies":[{"embeddable":true,"href":"https:\/\/minasbrazil.store\/en\/wp-json\/wp\/v2\/comments?post=4431"}],"wp:featuredmedia":[{"embeddable":true,"href":"https:\/\/minasbrazil.store\/en\/wp-json\/wp\/v2\/media\/4432"}],"wp:attachment":[{"href":"https:\/\/minasbrazil.store\/en\/wp-json\/wp\/v2\/media?parent=4431"}],"wp:term":[{"taxonomy":"product_cat","embeddable":true,"href":"https:\/\/minasbrazil.store\/en\/wp-json\/wp\/v2\/product_cat?post=4431"},{"taxonomy":"product_tag","embeddable":true,"href":"https:\/\/minasbrazil.store\/en\/wp-json\/wp\/v2\/product_tag?post=4431"}],"curies":[{"name":"wp","href":"https:\/\/api.w.org\/{rel}","templated":true}]}}