{"id":4415,"date":"2025-01-05T00:27:35","date_gmt":"2025-01-05T03:27:35","guid":{"rendered":"https:\/\/minasbrazil.store\/?post_type=product&#038;p=4415"},"modified":"2025-01-21T18:07:43","modified_gmt":"2025-01-21T21:07:43","slug":"sabonete-puro-vegetal-cremoso-erva-doce","status":"publish","type":"product","link":"https:\/\/minasbrazil.store\/en\/product\/sabonete-puro-vegetal-cremoso-erva-doce\/","title":{"rendered":"Sabonete Puro Vegetal Cremoso Erva Doce 3unids."},"content":{"rendered":"<div class=\"relative flex\">\n<div class=\"flex gap-2 items-center\"><span class=\"text-sm font-bold\">Sabonete Natura Erva Doce: Mais suavidade, cuidado e prote\u00e7\u00e3o para a sua pele<\/span><\/div>\n<\/div>\n<div class=\"relative flex\">\n<div class=\"flex gap-2 items-center\">\n<p>Sabonete que higieniza sua pele de forma eficaz, sem agredi-la, recuperando a camada de prote\u00e7\u00e3o da pele 75% mais r\u00e1pido. Sua f\u00f3rmula possui ingredientes que formam uma espuma cremosa e deixam uma delicada camada protetora na pele ap\u00f3s o banho. Sempre com a agrad\u00e1vel fragr\u00e2ncia e frescor de erva doce.<\/p>\n<p>&nbsp;<\/p>\n<p>Conte\u00fado: Caixa com 3 unidades de 90g cada.<\/p>\n<\/div>\n<\/div>","protected":false},"excerpt":{"rendered":"<p>Sabonete Natura Erva Doce: Mais suavidade, cuidado e prote\u00e7\u00e3o para a sua pele Sabonete que higieniza sua pele de forma eficaz, sem agredi-la, recuperando a camada de prote\u00e7\u00e3o da pele 75% mais r\u00e1pido. Sua f\u00f3rmula possui ingredientes que formam uma espuma cremosa e deixam uma delicada camada protetora na pele ap\u00f3s o banho. Sempre com [&hellip;]<\/p>\n","protected":false},"featured_media":4416,"comment_status":"open","ping_status":"closed","template":"","meta":{"_joinchat":[]},"product_cat":[275,291],"product_tag":[],"class_list":{"0":"post-4415","1":"product","2":"type-product","3":"status-publish","4":"has-post-thumbnail","6":"product_brand-natura","7":"product_cat-cuidado-pessoal","8":"product_cat-sabonete","10":"first","11":"instock","12":"sale","13":"taxable","14":"shipping-taxable","15":"purchasable","16":"product-type-simple"},"_links":{"self":[{"href":"https:\/\/minasbrazil.store\/en\/wp-json\/wp\/v2\/product\/4415","targetHints":{"allow":["GET"]}}],"collection":[{"href":"https:\/\/minasbrazil.store\/en\/wp-json\/wp\/v2\/product"}],"about":[{"href":"https:\/\/minasbrazil.store\/en\/wp-json\/wp\/v2\/types\/product"}],"replies":[{"embeddable":true,"href":"https:\/\/minasbrazil.store\/en\/wp-json\/wp\/v2\/comments?post=4415"}],"wp:featuredmedia":[{"embeddable":true,"href":"https:\/\/minasbrazil.store\/en\/wp-json\/wp\/v2\/media\/4416"}],"wp:attachment":[{"href":"https:\/\/minasbrazil.store\/en\/wp-json\/wp\/v2\/media?parent=4415"}],"wp:term":[{"taxonomy":"product_cat","embeddable":true,"href":"https:\/\/minasbrazil.store\/en\/wp-json\/wp\/v2\/product_cat?post=4415"},{"taxonomy":"product_tag","embeddable":true,"href":"https:\/\/minasbrazil.store\/en\/wp-json\/wp\/v2\/product_tag?post=4415"}],"curies":[{"name":"wp","href":"https:\/\/api.w.org\/{rel}","templated":true}]}}