{"id":4273,"date":"2024-12-30T15:13:18","date_gmt":"2024-12-30T18:13:18","guid":{"rendered":"https:\/\/teste.minasbrazil.store\/?post_type=product&#038;p=4273"},"modified":"2024-12-30T15:17:47","modified_gmt":"2024-12-30T18:17:47","slug":"em-busca-de-sentido","status":"publish","type":"product","link":"https:\/\/minasbrazil.store\/en\/product\/em-busca-de-sentido\/","title":{"rendered":"Em Busca De Sentido"},"content":{"rendered":"<p>Viktor E. Frankl, MD, Ph.D. (1905-1997), foi professor de Neurologia e Psiquiatria na Universidade de Viena. Coordenou a Pr\u00f3-cl\u00ednica Neurol\u00f3gica de Viena. Sua \u201cLogoterapia\/an\u00e1lise existencial\u201d tornou-se conhecida como a \u201cTerceira Escola Vienense de Psicoterapia\u201d. Lecionou em Harvard, Stanford, Dallas e Pittsburgh, e foi professor de Logoterapia na U.S. International University in San Diego, Calif\u00f3rnia. Seus 39 livros foram publicados em 50 l\u00ednguas. Seu livro Em busca de sentido teve milh\u00f5es de c\u00f3pias vendidas e foi listado entre os 10 livros mais influentes nos Estados Unidos da Am\u00e9rica.<\/p>","protected":false},"excerpt":{"rendered":"<p>Viktor E. Frankl, MD, Ph.D. (1905-1997), foi professor de Neurologia e Psiquiatria na Universidade de Viena. Coordenou a Pr\u00f3-cl\u00ednica Neurol\u00f3gica de Viena. Sua \u201cLogoterapia\/an\u00e1lise existencial\u201d tornou-se conhecida como a \u201cTerceira Escola Vienense de Psicoterapia\u201d. Lecionou em Harvard, Stanford, Dallas e Pittsburgh, e foi professor de Logoterapia na U.S. International University in San Diego, Calif\u00f3rnia. Seus [&hellip;]<\/p>\n","protected":false},"featured_media":4294,"comment_status":"closed","ping_status":"closed","template":"","meta":{"_joinchat":[]},"product_cat":[315],"product_tag":[],"class_list":{"0":"post-4273","1":"product","2":"type-product","3":"status-publish","4":"has-post-thumbnail","6":"product_brand-viktor-e-frankl","7":"product_cat-livros","9":"first","10":"instock","11":"sale","12":"taxable","13":"shipping-taxable","14":"purchasable","15":"product-type-simple"},"_links":{"self":[{"href":"https:\/\/minasbrazil.store\/en\/wp-json\/wp\/v2\/product\/4273","targetHints":{"allow":["GET"]}}],"collection":[{"href":"https:\/\/minasbrazil.store\/en\/wp-json\/wp\/v2\/product"}],"about":[{"href":"https:\/\/minasbrazil.store\/en\/wp-json\/wp\/v2\/types\/product"}],"replies":[{"embeddable":true,"href":"https:\/\/minasbrazil.store\/en\/wp-json\/wp\/v2\/comments?post=4273"}],"wp:featuredmedia":[{"embeddable":true,"href":"https:\/\/minasbrazil.store\/en\/wp-json\/wp\/v2\/media\/4294"}],"wp:attachment":[{"href":"https:\/\/minasbrazil.store\/en\/wp-json\/wp\/v2\/media?parent=4273"}],"wp:term":[{"taxonomy":"product_cat","embeddable":true,"href":"https:\/\/minasbrazil.store\/en\/wp-json\/wp\/v2\/product_cat?post=4273"},{"taxonomy":"product_tag","embeddable":true,"href":"https:\/\/minasbrazil.store\/en\/wp-json\/wp\/v2\/product_tag?post=4273"}],"curies":[{"name":"wp","href":"https:\/\/api.w.org\/{rel}","templated":true}]}}