{"id":4231,"date":"2024-12-30T15:12:54","date_gmt":"2024-12-30T18:12:54","guid":{"rendered":"https:\/\/teste.minasbrazil.store\/?post_type=product&#038;p=4231"},"modified":"2024-12-30T15:36:21","modified_gmt":"2024-12-30T18:36:21","slug":"kit-skala-shampoocondicionador-mais-cachos-vegano-2x325ml","status":"publish","type":"product","link":"https:\/\/minasbrazil.store\/en\/product\/kit-skala-shampoocondicionador-mais-cachos-vegano-2x325ml\/","title":{"rendered":"Kit Skala Shampoo+Condicionador #Mais Cachos Vegano 2x325ml"},"content":{"rendered":"<p>Saiba mais sobre o produto: Kit Skala Shampoo+Condicionador #Mais Cachos Vegano 2x325ml \u00a0 A linha #MaisCachos foi especialmente desenvolvida para atender as necessidades dos cabelos cacheados, crespos, crespiss\u00edmos ou em transi\u00e7\u00e3o. F\u00f3rmula livre de Sulfatos, Parabenos, Silicones, Petrolato e \u00d3leo Mineral. 100% Vegano. \u00a0 Modo de uso: Aplique nos cabelos molhados e massageie da raiz. Deixe agir por 1 minuto, enx\u00e1gue e se necess\u00e1rio repita a opera\u00e7\u00e3o. Ap\u00f3s higienizar os fios com o Shampoo, aplique o Condicionador uniformemente sobre o cabelo limpo e \u00famido. Deixe agir por 1 a 3 minutos e, em seguida, enx\u00e1gue.<\/p>","protected":false},"excerpt":{"rendered":"<p>Saiba mais sobre o produto: Kit Skala Shampoo+Condicionador #Mais Cachos Vegano 2x325ml \u00a0 A linha #MaisCachos foi especialmente desenvolvida para atender as necessidades dos cabelos cacheados, crespos, crespiss\u00edmos ou em transi\u00e7\u00e3o. F\u00f3rmula livre de Sulfatos, Parabenos, Silicones, Petrolato e \u00d3leo Mineral. 100% Vegano. \u00a0 Modo de uso: Aplique nos cabelos molhados e massageie da raiz. [&hellip;]<\/p>\n","protected":false},"featured_media":4260,"comment_status":"closed","ping_status":"closed","template":"","meta":{"_joinchat":[]},"product_cat":[296,275,292],"product_tag":[],"class_list":{"0":"post-4231","1":"product","2":"type-product","3":"status-publish","4":"has-post-thumbnail","6":"product_brand-skala","7":"product_cat-condicionador","8":"product_cat-cuidado-pessoal","9":"product_cat-shampoo","11":"first","12":"instock","13":"sale","14":"taxable","15":"shipping-taxable","16":"purchasable","17":"product-type-simple"},"_links":{"self":[{"href":"https:\/\/minasbrazil.store\/en\/wp-json\/wp\/v2\/product\/4231","targetHints":{"allow":["GET"]}}],"collection":[{"href":"https:\/\/minasbrazil.store\/en\/wp-json\/wp\/v2\/product"}],"about":[{"href":"https:\/\/minasbrazil.store\/en\/wp-json\/wp\/v2\/types\/product"}],"replies":[{"embeddable":true,"href":"https:\/\/minasbrazil.store\/en\/wp-json\/wp\/v2\/comments?post=4231"}],"wp:featuredmedia":[{"embeddable":true,"href":"https:\/\/minasbrazil.store\/en\/wp-json\/wp\/v2\/media\/4260"}],"wp:attachment":[{"href":"https:\/\/minasbrazil.store\/en\/wp-json\/wp\/v2\/media?parent=4231"}],"wp:term":[{"taxonomy":"product_cat","embeddable":true,"href":"https:\/\/minasbrazil.store\/en\/wp-json\/wp\/v2\/product_cat?post=4231"},{"taxonomy":"product_tag","embeddable":true,"href":"https:\/\/minasbrazil.store\/en\/wp-json\/wp\/v2\/product_tag?post=4231"}],"curies":[{"name":"wp","href":"https:\/\/api.w.org\/{rel}","templated":true}]}}