{"id":4230,"date":"2024-12-30T15:12:54","date_gmt":"2024-12-30T18:12:54","guid":{"rendered":"https:\/\/teste.minasbrazil.store\/?post_type=product&#038;p=4230"},"modified":"2026-03-14T13:48:22","modified_gmt":"2026-03-14T16:48:22","slug":"kit-skala-mais-cachinhos-shampoo-e-condicionador-325ml","status":"publish","type":"product","link":"https:\/\/minasbrazil.store\/en\/product\/kit-skala-mais-cachinhos-shampoo-e-condicionador-325ml\/","title":{"rendered":"Kit Skala Mais Cachinhos Shampoo e Condicionador 325ml"},"content":{"rendered":"<p>A LINHA MAIS CACHOS FOI DESENVOLVIDA ESPECIALMENTE PARA ATENDER AS NECESSIDADES DOS CABELOS CACHEADOS, CRESPOS, CRESPISSIMOS OU EM TRANSI\u00c7\u00c3O. COM INGREDIENTES RICOS EM NUTRIENTES QUE HIDRATAM E DESEMBARA\u00c7AM, ELA DA BRILHO, FOR\u00c7A E ULTRA REPARA\u00c7\u00c3O, ALEM DE DEIXAR OS CACHOS OSTENTANDO AQUELE VOLUM\u00c3O.<\/p>","protected":false},"excerpt":{"rendered":"<p>A LINHA MAIS CACHOS FOI DESENVOLVIDA ESPECIALMENTE PARA ATENDER AS NECESSIDADES DOS CABELOS CACHEADOS, CRESPOS, CRESPISSIMOS OU EM TRANSI\u00c7\u00c3O. COM INGREDIENTES RICOS EM NUTRIENTES QUE HIDRATAM E DESEMBARA\u00c7AM, ELA DA BRILHO, FOR\u00c7A E ULTRA REPARA\u00c7\u00c3O, ALEM DE DEIXAR OS CACHOS OSTENTANDO AQUELE VOLUM\u00c3O.<\/p>","protected":false},"featured_media":4259,"comment_status":"closed","ping_status":"closed","template":"","meta":{"_joinchat":[]},"product_cat":[296,275,292],"product_tag":[],"class_list":{"0":"post-4230","1":"product","2":"type-product","3":"status-publish","4":"has-post-thumbnail","6":"product_brand-skala","7":"product_cat-condicionador","8":"product_cat-cuidado-pessoal","9":"product_cat-shampoo","11":"first","12":"outofstock","13":"sale","14":"taxable","15":"shipping-taxable","16":"purchasable","17":"product-type-simple"},"_links":{"self":[{"href":"https:\/\/minasbrazil.store\/en\/wp-json\/wp\/v2\/product\/4230","targetHints":{"allow":["GET"]}}],"collection":[{"href":"https:\/\/minasbrazil.store\/en\/wp-json\/wp\/v2\/product"}],"about":[{"href":"https:\/\/minasbrazil.store\/en\/wp-json\/wp\/v2\/types\/product"}],"replies":[{"embeddable":true,"href":"https:\/\/minasbrazil.store\/en\/wp-json\/wp\/v2\/comments?post=4230"}],"wp:featuredmedia":[{"embeddable":true,"href":"https:\/\/minasbrazil.store\/en\/wp-json\/wp\/v2\/media\/4259"}],"wp:attachment":[{"href":"https:\/\/minasbrazil.store\/en\/wp-json\/wp\/v2\/media?parent=4230"}],"wp:term":[{"taxonomy":"product_cat","embeddable":true,"href":"https:\/\/minasbrazil.store\/en\/wp-json\/wp\/v2\/product_cat?post=4230"},{"taxonomy":"product_tag","embeddable":true,"href":"https:\/\/minasbrazil.store\/en\/wp-json\/wp\/v2\/product_tag?post=4230"}],"curies":[{"name":"wp","href":"https:\/\/api.w.org\/{rel}","templated":true}]}}