{"id":4229,"date":"2024-12-30T15:12:54","date_gmt":"2024-12-30T18:12:54","guid":{"rendered":"https:\/\/teste.minasbrazil.store\/?post_type=product&#038;p=4229"},"modified":"2024-12-30T15:20:36","modified_gmt":"2024-12-30T18:20:36","slug":"creme-de-tratamento-skala-expert-potao-do-amor-2-em1-1kg","status":"publish","type":"product","link":"https:\/\/minasbrazil.store\/en\/product\/creme-de-tratamento-skala-expert-potao-do-amor-2-em1-1kg\/","title":{"rendered":"Creme de Tratamento Skala Expert Pot\u00e3o do Amor 2 em1 1Kg"},"content":{"rendered":"<p>O Pot\u00e3o do Amor foi formulado especialmente para voc\u00ea que busca um aliado para combater os danos acumulados diariamente nos cabelos! Ele \u00e9 a combina\u00e7\u00e3o perfeita de 18 elementos poderosos que ajudam a revitalizar e devolver o brilho aos fios. E o mais INCRIV\u00c9L de tudo est\u00e1 por vir, pode ser utilizado como Creme de Tratamento e Creme para Pentear. \u00c9 s\u00f3 passar e deixar o dia todo. Sua f\u00f3rmula \u00e9 livre de Parabenos, Silicones, Petrolato e \u00d3leo Mineral.<\/p>\n<p>D\u00b4Pantenol, Prote\u00ednas do Arroz, Manteiga de Cacau, Manteiga de Karit\u00e9, Extrato de C\u00e1lamo, Extrato de Mirra, Extrato de Canela-da-China, \u00d3leo de Oliva, \u00d3leo de Argan, \u00d3leo de R\u00edcino, \u00d3leo de Coco, Prote\u00ednas da Soja, Col\u00e1geno Vegetal, Prote\u00ednas do Trigo, Keratina Vegetal, Vitamina E, Ceramidas Vegetal e Leite de Coco.<\/p>","protected":false},"excerpt":{"rendered":"<p>O Pot\u00e3o do Amor foi formulado especialmente para voc\u00ea que busca um aliado para combater os danos acumulados diariamente nos cabelos! Ele \u00e9 a combina\u00e7\u00e3o perfeita de 18 elementos poderosos que ajudam a revitalizar e devolver o brilho aos fios. E o mais INCRIV\u00c9L de tudo est\u00e1 por vir, pode ser utilizado como Creme de [&hellip;]<\/p>\n","protected":false},"featured_media":4258,"comment_status":"closed","ping_status":"closed","template":"","meta":{"_joinchat":[]},"product_cat":[322,275],"product_tag":[],"class_list":{"0":"post-4229","1":"product","2":"type-product","3":"status-publish","4":"has-post-thumbnail","6":"product_brand-skala","7":"product_cat-creme-de-tratamento","8":"product_cat-cuidado-pessoal","10":"first","11":"instock","12":"sale","13":"taxable","14":"shipping-taxable","15":"purchasable","16":"product-type-simple"},"_links":{"self":[{"href":"https:\/\/minasbrazil.store\/en\/wp-json\/wp\/v2\/product\/4229","targetHints":{"allow":["GET"]}}],"collection":[{"href":"https:\/\/minasbrazil.store\/en\/wp-json\/wp\/v2\/product"}],"about":[{"href":"https:\/\/minasbrazil.store\/en\/wp-json\/wp\/v2\/types\/product"}],"replies":[{"embeddable":true,"href":"https:\/\/minasbrazil.store\/en\/wp-json\/wp\/v2\/comments?post=4229"}],"wp:featuredmedia":[{"embeddable":true,"href":"https:\/\/minasbrazil.store\/en\/wp-json\/wp\/v2\/media\/4258"}],"wp:attachment":[{"href":"https:\/\/minasbrazil.store\/en\/wp-json\/wp\/v2\/media?parent=4229"}],"wp:term":[{"taxonomy":"product_cat","embeddable":true,"href":"https:\/\/minasbrazil.store\/en\/wp-json\/wp\/v2\/product_cat?post=4229"},{"taxonomy":"product_tag","embeddable":true,"href":"https:\/\/minasbrazil.store\/en\/wp-json\/wp\/v2\/product_tag?post=4229"}],"curies":[{"name":"wp","href":"https:\/\/api.w.org\/{rel}","templated":true}]}}