{"id":4227,"date":"2024-12-30T15:12:53","date_gmt":"2024-12-30T18:12:53","guid":{"rendered":"https:\/\/teste.minasbrazil.store\/?post_type=product&#038;p=4227"},"modified":"2024-12-30T15:21:08","modified_gmt":"2024-12-30T18:21:08","slug":"creme-de-tratamento-skala-maionese-capilar-1kg","status":"publish","type":"product","link":"https:\/\/minasbrazil.store\/en\/product\/creme-de-tratamento-skala-maionese-capilar-1kg\/","title":{"rendered":"Creme De Tratamento Skala Maionese Capilar 1Kg."},"content":{"rendered":"<p>O Creme De Tratamento Skala Maionese Capilar foi desenvolvido para nutrir os cabelos, dando for\u00e7a, hidratando e desembara\u00e7ando os fios.<br \/>\nSua F\u00f3rmula Possui Ingredientes que trata os cabelos quebradi\u00e7os, auxiliando no combate a queda e proporcionando cabelos cheios de vida e restaurados.<br \/>\nO Creme De Tratamento Skala Maionese Capilar \u00e9 ideal para todos os tipos de cabelos.<\/p>\n<p>Ativos:<br \/>\nProte\u00edna do Ovo: Possui Vitamina A, evitando cabelos secos e quebradi\u00e7os.<br \/>\n\u00d3leo de R\u00edcino: Auxilia no fortalecimento no combate a queda por quebra dos fios.<br \/>\n\u00d3leo de Argan: Possui Vitamina E, oferecendo aos cabelos Repara\u00e7\u00e3o e Brilho.<\/p>\n<p>Modo de usar:\u00a0Com os cabelos limpos e \u00famidos, aplique o Creme De Tratamento Skala no comprimento e pontas, massageando suavemente em movimentos de cima para baixo. Deixe agir por alguns minutos e enx\u00e1gue.<\/p>","protected":false},"excerpt":{"rendered":"<p>O Creme De Tratamento Skala Maionese Capilar foi desenvolvido para nutrir os cabelos, dando for\u00e7a, hidratando e desembara\u00e7ando os fios. Sua F\u00f3rmula Possui Ingredientes que trata os cabelos quebradi\u00e7os, auxiliando no combate a queda e proporcionando cabelos cheios de vida e restaurados. O Creme De Tratamento Skala Maionese Capilar \u00e9 ideal para todos os tipos [&hellip;]<\/p>\n","protected":false},"featured_media":4256,"comment_status":"closed","ping_status":"closed","template":"","meta":{"_joinchat":[]},"product_cat":[322,275],"product_tag":[],"class_list":{"0":"post-4227","1":"product","2":"type-product","3":"status-publish","4":"has-post-thumbnail","6":"product_brand-skala","7":"product_cat-creme-de-tratamento","8":"product_cat-cuidado-pessoal","10":"first","11":"instock","12":"sale","13":"taxable","14":"shipping-taxable","15":"purchasable","16":"product-type-simple"},"_links":{"self":[{"href":"https:\/\/minasbrazil.store\/en\/wp-json\/wp\/v2\/product\/4227","targetHints":{"allow":["GET"]}}],"collection":[{"href":"https:\/\/minasbrazil.store\/en\/wp-json\/wp\/v2\/product"}],"about":[{"href":"https:\/\/minasbrazil.store\/en\/wp-json\/wp\/v2\/types\/product"}],"replies":[{"embeddable":true,"href":"https:\/\/minasbrazil.store\/en\/wp-json\/wp\/v2\/comments?post=4227"}],"wp:featuredmedia":[{"embeddable":true,"href":"https:\/\/minasbrazil.store\/en\/wp-json\/wp\/v2\/media\/4256"}],"wp:attachment":[{"href":"https:\/\/minasbrazil.store\/en\/wp-json\/wp\/v2\/media?parent=4227"}],"wp:term":[{"taxonomy":"product_cat","embeddable":true,"href":"https:\/\/minasbrazil.store\/en\/wp-json\/wp\/v2\/product_cat?post=4227"},{"taxonomy":"product_tag","embeddable":true,"href":"https:\/\/minasbrazil.store\/en\/wp-json\/wp\/v2\/product_tag?post=4227"}],"curies":[{"name":"wp","href":"https:\/\/api.w.org\/{rel}","templated":true}]}}