{"id":4226,"date":"2024-12-30T15:12:53","date_gmt":"2024-12-30T18:12:53","guid":{"rendered":"https:\/\/teste.minasbrazil.store\/?post_type=product&#038;p=4226"},"modified":"2024-12-30T15:21:16","modified_gmt":"2024-12-30T18:21:16","slug":"creme-hidratante-mais-crespos-1000g-skala-expert","status":"publish","type":"product","link":"https:\/\/minasbrazil.store\/en\/product\/creme-hidratante-mais-crespos-1000g-skala-expert\/","title":{"rendered":"Creme Hidratante #Mais Crespos 1000g Skala Expert"},"content":{"rendered":"<p>Ele \u00e9 a combina\u00e7\u00e3o perfeita de 3 elementos que ajudam a dar for\u00e7a, hidrata\u00e7\u00e3o e desembara\u00e7o aos fios! E o mais incr\u00edvel de tudo est\u00e1 por vir, pode ser utilizado como Creme de Tratamento ou Creme para Pentear. \u00c9 s\u00f3 passar e deixar o dia todo.<\/p>\n<p>\u00d3leo de Argan: Rico em \u00e1cidos graxos e Vitamina E. Ultra repara\u00e7\u00e3o e brilho;<br \/>\n\u00d3leo de Coco: Promove aos cabelos repara\u00e7\u00e3o, brilho, maciez, hidrata\u00e7\u00e3o, facilidade na penteabilidade;<br \/>\n\u00d3leo de Patau\u00e1: Fortalece e auxilia no combate \u00e0 queda por quebra dos fios;<br \/>\nExtrato de Amaranto: Rep\u00f5e os amino\u00e1cidos melhorando a penteabilidade dos fios. Indicado para cabelos crespos e cresp\u00edssimos.<\/p>","protected":false},"excerpt":{"rendered":"<p>Ele \u00e9 a combina\u00e7\u00e3o perfeita de 3 elementos que ajudam a dar for\u00e7a, hidrata\u00e7\u00e3o e desembara\u00e7o aos fios! E o mais incr\u00edvel de tudo est\u00e1 por vir, pode ser utilizado como Creme de Tratamento ou Creme para Pentear. \u00c9 s\u00f3 passar e deixar o dia todo. \u00d3leo de Argan: Rico em \u00e1cidos graxos e Vitamina [&hellip;]<\/p>\n","protected":false},"featured_media":4255,"comment_status":"closed","ping_status":"closed","template":"","meta":{"_joinchat":[]},"product_cat":[323,275],"product_tag":[],"class_list":{"0":"post-4226","1":"product","2":"type-product","3":"status-publish","4":"has-post-thumbnail","6":"product_brand-skala","7":"product_cat-creme-hidratante","8":"product_cat-cuidado-pessoal","10":"first","11":"instock","12":"sale","13":"taxable","14":"shipping-taxable","15":"purchasable","16":"product-type-simple"},"_links":{"self":[{"href":"https:\/\/minasbrazil.store\/en\/wp-json\/wp\/v2\/product\/4226","targetHints":{"allow":["GET"]}}],"collection":[{"href":"https:\/\/minasbrazil.store\/en\/wp-json\/wp\/v2\/product"}],"about":[{"href":"https:\/\/minasbrazil.store\/en\/wp-json\/wp\/v2\/types\/product"}],"replies":[{"embeddable":true,"href":"https:\/\/minasbrazil.store\/en\/wp-json\/wp\/v2\/comments?post=4226"}],"wp:featuredmedia":[{"embeddable":true,"href":"https:\/\/minasbrazil.store\/en\/wp-json\/wp\/v2\/media\/4255"}],"wp:attachment":[{"href":"https:\/\/minasbrazil.store\/en\/wp-json\/wp\/v2\/media?parent=4226"}],"wp:term":[{"taxonomy":"product_cat","embeddable":true,"href":"https:\/\/minasbrazil.store\/en\/wp-json\/wp\/v2\/product_cat?post=4226"},{"taxonomy":"product_tag","embeddable":true,"href":"https:\/\/minasbrazil.store\/en\/wp-json\/wp\/v2\/product_tag?post=4226"}],"curies":[{"name":"wp","href":"https:\/\/api.w.org\/{rel}","templated":true}]}}