{"id":4201,"date":"2024-12-30T15:12:32","date_gmt":"2024-12-30T18:12:32","guid":{"rendered":"https:\/\/teste.minasbrazil.store\/?post_type=product&#038;p=4201"},"modified":"2024-12-30T15:21:23","modified_gmt":"2024-12-30T18:21:23","slug":"creme-de-tratamento-skala-expert-potao-desmaiado-2-em-1-1000gr","status":"publish","type":"product","link":"https:\/\/minasbrazil.store\/en\/product\/creme-de-tratamento-skala-expert-potao-desmaiado-2-em-1-1000gr\/","title":{"rendered":"Creme De Tratamento Skala Expert Potao Desmaiado 2 Em 1 1000gr"},"content":{"rendered":"<p>abe aquele produto que voc\u00ea vai querer usar mesmo se seu cabelo estiver maravilhoso?<br \/>\n\u00c9 esse! O Pot\u00e3o Desmaiado foi formulado especialmente para voc\u00ea que busca resultados imediatos. Esse Pot\u00e3o elimina o frizz, d\u00e1 vida aos fios opacos, hidrata profundamente, reduz o volume e deixa seus fios alinhados. E o mais INCRIV\u00c9L de tudo est\u00e1 por vir, s\u00f3 n\u00e3o vale desmaiar depois dessa novidade pode ser utilizado como Creme de Tratamento e Creme para Pentear. \u00c9 s\u00f3 passar e deixar o dia todo! Sua f\u00f3rmula \u00e9 livre de Sulfatos, Parabenos, Silicones, Petrolato e \u00d3leo Mineral. #SkalaApaixonadaPorAnimais \u00e9 *Vegano: n\u00e3o possui ingredientes de origem animal. N\u00e3o \u00e9 um m\u00e1ximo esse conceito de INOVA\u00c7\u00c3O da Skala? Desenvolvido especialmente para voc\u00ea que ama os animais e a t\u00e9cnica do liberado!<\/p>","protected":false},"excerpt":{"rendered":"<p>abe aquele produto que voc\u00ea vai querer usar mesmo se seu cabelo estiver maravilhoso? \u00c9 esse! O Pot\u00e3o Desmaiado foi formulado especialmente para voc\u00ea que busca resultados imediatos. Esse Pot\u00e3o elimina o frizz, d\u00e1 vida aos fios opacos, hidrata profundamente, reduz o volume e deixa seus fios alinhados. E o mais INCRIV\u00c9L de tudo est\u00e1 [&hellip;]<\/p>\n","protected":false},"featured_media":4253,"comment_status":"closed","ping_status":"closed","template":"","meta":{"_joinchat":[]},"product_cat":[322,275],"product_tag":[],"class_list":{"0":"post-4201","1":"product","2":"type-product","3":"status-publish","4":"has-post-thumbnail","6":"product_brand-skala","7":"product_cat-creme-de-tratamento","8":"product_cat-cuidado-pessoal","10":"first","11":"instock","12":"sale","13":"taxable","14":"shipping-taxable","15":"purchasable","16":"product-type-simple"},"_links":{"self":[{"href":"https:\/\/minasbrazil.store\/en\/wp-json\/wp\/v2\/product\/4201","targetHints":{"allow":["GET"]}}],"collection":[{"href":"https:\/\/minasbrazil.store\/en\/wp-json\/wp\/v2\/product"}],"about":[{"href":"https:\/\/minasbrazil.store\/en\/wp-json\/wp\/v2\/types\/product"}],"replies":[{"embeddable":true,"href":"https:\/\/minasbrazil.store\/en\/wp-json\/wp\/v2\/comments?post=4201"}],"wp:featuredmedia":[{"embeddable":true,"href":"https:\/\/minasbrazil.store\/en\/wp-json\/wp\/v2\/media\/4253"}],"wp:attachment":[{"href":"https:\/\/minasbrazil.store\/en\/wp-json\/wp\/v2\/media?parent=4201"}],"wp:term":[{"taxonomy":"product_cat","embeddable":true,"href":"https:\/\/minasbrazil.store\/en\/wp-json\/wp\/v2\/product_cat?post=4201"},{"taxonomy":"product_tag","embeddable":true,"href":"https:\/\/minasbrazil.store\/en\/wp-json\/wp\/v2\/product_tag?post=4201"}],"curies":[{"name":"wp","href":"https:\/\/api.w.org\/{rel}","templated":true}]}}