{"id":4198,"date":"2024-12-30T15:12:31","date_gmt":"2024-12-30T18:12:31","guid":{"rendered":"https:\/\/teste.minasbrazil.store\/?post_type=product&#038;p=4198"},"modified":"2024-12-30T15:23:06","modified_gmt":"2024-12-30T18:23:06","slug":"creme-de-tratamento-skala-expert-mais-lisos-1kg","status":"publish","type":"product","link":"https:\/\/minasbrazil.store\/en\/product\/creme-de-tratamento-skala-expert-mais-lisos-1kg\/","title":{"rendered":"Creme de Tratamento Skala Expert Mais Lisos 1kg"},"content":{"rendered":"<p>MODO DE USAR: Pode ser utilizado em substitui\u00e7\u00e3o ao CONDICIONADOR TRADICIONAL. Aplique nos cabelos lavados massageando mecha por mecha por todo o comprimento dos fios. Para um melhor resultado utilize a linha completa Skala Expert #Mais Cachinhos Kids. Escolha um dos rituais de uso: CREME DE TRATAMENTO: indicamos a aplica\u00e7\u00e3o no comprimento dos fios, evitando a raiz, deixando agir por 3 minutos. Enx\u00e1gue. Para um melhor resultado, use touca t\u00e9rmica \/ laminada por 15 minutos. Enx\u00e1gue. PR\u00c9 SHAMPOO: com os cabelos sem lavar, divida mecha por mecha, aplique e enluve os fios deixando agir, enx\u00e1gue e prossiga lavando com shampoo e condicionador Skala Expert #Mais Cachinhos Kids. CO WASH: A nossa f\u00f3rmula possui agentes emolientes que s\u00e3o capazes de promover limpeza aos fios. Indicado para fios sensibilizados por qu\u00edmicas e tinturas. Com os cabelos completamente molhados, coloque uma pequena quantidade nas palmas das m\u00e3os e distribua por todo o couro cabeludos. Massageie suavemente o couro cabeludo com a ponta dos dedos como se fosse um shampoo convencional. Enx\u00e1gue. A seguir adicione uma quantidade do produto no comprimento e pontas, desembarace cuidadosamente os cabelos com o aux\u00edlio dos dedos e enx\u00e1gue. Repita a opera\u00e7\u00e3o somente se sentir necessidade de uma maior limpeza do couro cabeludo. CREME PARA PENTEAR USO COM ENX\u00c1GUE: Aplique nos cabelos lavados com Shampoo massageando mecha por mecha por todo o comprimente dos fios por 3 minutos. Enx\u00e1gue. CREME PARA PENTEAR<\/p>\n<p>USO SEM ENX\u00c1GUE: Aplique uma pequena quantidade nos cabelos \u00famidos ou secos e espalhe bem. N\u00e3o enx\u00e1gue e penteie normalmente. A quantidade ideal a ser aplicada depender\u00e1 da quantidade de cabelo e do comprimento dos fios.<\/p>\n<p>&nbsp;<\/p>\n<p>Dica de ouro: Voc\u00ea pode finalizar utilizando secador \u00e0 dist\u00e2ncia (temperatura m\u00e9dia), \u00e9 um truque r\u00e1pido para deixar o cabelo volumoso e despojado. Finalize com o pente garfo garantindo um volume ainda mais poderoso.<\/p>","protected":false},"excerpt":{"rendered":"<p>MODO DE USAR: Pode ser utilizado em substitui\u00e7\u00e3o ao CONDICIONADOR TRADICIONAL. Aplique nos cabelos lavados massageando mecha por mecha por todo o comprimento dos fios. Para um melhor resultado utilize a linha completa Skala Expert #Mais Cachinhos Kids. Escolha um dos rituais de uso: CREME DE TRATAMENTO: indicamos a aplica\u00e7\u00e3o no comprimento dos fios, evitando [&hellip;]<\/p>\n","protected":false},"featured_media":4250,"comment_status":"closed","ping_status":"closed","template":"","meta":{"_joinchat":[]},"product_cat":[322,275],"product_tag":[],"class_list":{"0":"post-4198","1":"product","2":"type-product","3":"status-publish","4":"has-post-thumbnail","6":"product_brand-skala","7":"product_cat-creme-de-tratamento","8":"product_cat-cuidado-pessoal","10":"first","11":"instock","12":"sale","13":"taxable","14":"shipping-taxable","15":"purchasable","16":"product-type-simple"},"_links":{"self":[{"href":"https:\/\/minasbrazil.store\/en\/wp-json\/wp\/v2\/product\/4198","targetHints":{"allow":["GET"]}}],"collection":[{"href":"https:\/\/minasbrazil.store\/en\/wp-json\/wp\/v2\/product"}],"about":[{"href":"https:\/\/minasbrazil.store\/en\/wp-json\/wp\/v2\/types\/product"}],"replies":[{"embeddable":true,"href":"https:\/\/minasbrazil.store\/en\/wp-json\/wp\/v2\/comments?post=4198"}],"wp:featuredmedia":[{"embeddable":true,"href":"https:\/\/minasbrazil.store\/en\/wp-json\/wp\/v2\/media\/4250"}],"wp:attachment":[{"href":"https:\/\/minasbrazil.store\/en\/wp-json\/wp\/v2\/media?parent=4198"}],"wp:term":[{"taxonomy":"product_cat","embeddable":true,"href":"https:\/\/minasbrazil.store\/en\/wp-json\/wp\/v2\/product_cat?post=4198"},{"taxonomy":"product_tag","embeddable":true,"href":"https:\/\/minasbrazil.store\/en\/wp-json\/wp\/v2\/product_tag?post=4198"}],"curies":[{"name":"wp","href":"https:\/\/api.w.org\/{rel}","templated":true}]}}